{"id":1482,"date":"2020-05-23T05:26:22","date_gmt":"2020-05-23T03:26:22","guid":{"rendered":"https:\/\/grossesseimprevue.fr\/?page_id=1482"},"modified":"2026-01-14T17:59:41","modified_gmt":"2026-01-14T16:59:41","slug":"handicap-moteur-et-sensoriel","status":"publish","type":"page","link":"https:\/\/grossesseimprevue.fr\/index.php\/handicap-moteur-et-sensoriel\/","title":{"rendered":"Grossesse et handicap moteur\/sensoriel"},"content":{"rendered":"\n\n\t<h1><strong>Je suis enceinte et j&rsquo;ai un handicap physique\/sensoriel<\/strong><\/h1>\n\t<p>Nous vous proposons ici\u00a0 notre d\u00e9finition du handicap, qui nous para\u00eet ad\u00e9quate dans le cadre de la r\u00e9flexion autour de la grossesse et de sa prise en charge :<\/p>\n<p>Le handicap est la difficult\u00e9 ou l&rsquo;incapacit\u00e9 d&rsquo;effectuer des gestes ou actions de la vie courante, en raison d&rsquo;un dysfonctionnement physique, sensoriel, psychique ou intellectuel. Le handicap peut \u00eatre modul\u00e9 par l&rsquo;accessibilit\u00e9 de l&rsquo;environnement, tant mat\u00e9riel qu&rsquo;humain, ainsi que par diff\u00e9rents facteurs internes \u00e0 la personne (fatigue, exp\u00e9riences de vie, etc.).<\/p>\n<p><strong>Sur cette page, nous nous int\u00e9resserons essentiellement aux probl\u00e9matiques liant grossesse et handicap physique\/sensoriel.<\/strong> Il existe des points communs avec la grossesse dans un contexte de handicap psychique\/cognitif ou de neuroatypie, n\u00e9anmoins chacune de ces circonstances particuli\u00e8res a ses nombreuses sp\u00e9cificit\u00e9s et n\u00e9cessite sa page propre.<\/p>\n<p>Vous trouverez donc la page d\u00e9di\u00e9e \u00e0 la grossesse dans un contexte de handicap psychique\/cognitif ou de neuroatypie <a href=\"https:\/\/grossesseimprevue.fr\/index.php\/grossesse-dans-un-contexte-de-handicap-cognitif-psychique-ou-de-neuroatypie\/*\"><strong>ICI<\/strong><\/a>.<\/p>\n\t<h5><strong>Sommaire\u00a0<\/strong><\/h5>\n\t<p><a href=\"#sujet\"><strong>&#8211; Handicap et neuroatypie, des sujets sensibles en gyn\u00e9cologie<\/strong><\/a><\/p>\n<p><a href=\"#suivi\"><strong>&#8211; Mettre en place une prise en charge adapt\u00e9e<\/strong><\/a><\/p>\n<p><strong>&#8211;<a href=\"#soutien\"> Trouver des informations et du soutien<\/a><\/strong><\/p>\n\t<h2 id=\"sujet\"><strong>\u00a0Le handicap, un sujet sensible en gyn\u00e9cologie<\/strong><\/h2>\n\t\t\t\t<img decoding=\"async\" src=\"https:\/\/grossesseimprevue.fr\/wp-content\/uploads\/2019\/11\/aveugle_1574777297-300x199.jpg\" alt=\"[Image d'illustration] Une persone rendue aveugle par un long bandeau tente de marcher\" itemprop=\"image\" height=\"199\" width=\"300\" title=\"Aveugle\" onerror=\"this.style.display='none'\" loading=\"lazy\" \/>\n\t<h3>\u200b\u00catre hors des normes, une contrainte suppl\u00e9mentaire en cas de grossesse ?<\/h3>\n\t<p><strong>Lors d&rsquo;une grossesse souhait\u00e9e, la soci\u00e9t\u00e9 questionnera souvent davantage le projet de parentalit\u00e9 d&rsquo;une personne handicap\u00e9e que d&rsquo;une personne valide.<\/strong> Cette attitude peut se retrouver tant au sein de l&rsquo;entourage qu&rsquo;avec des professionnels de sant\u00e9.<\/p>\n<p>Dans un contexte o\u00f9 la personne enceinte peut r\u00e9fl\u00e9chir en amont \u00e0 ses souhaits pour la prise en charge de sa grossesse et \u00e0 ses besoins, elle peut donc avoir du mal \u00e0 obtenir un suivi et un accompagnement non jugeant. Et lors de la d\u00e9couverte d&rsquo;une grossesse impr\u00e9vue, la recherche est d&rsquo;autant plus difficile en raison de l&rsquo;accumulation des pr\u00e9jug\u00e9s associ\u00e9s \u00e0 une telle sitiuation.<\/p>\n<p>Pourtant, quand on est handicap\u00e9, on est forc\u00e9 de vivre au quotidien en jonglant avec des sp\u00e9cificit\u00e9s qui peuvent entraver chaque action courante. <strong>Comment imaginer qu&rsquo;<\/strong><strong>une personne concern\u00e9e ne prenne pas en compte ce qu&rsquo;elle doit assumer chaque jour\u00a0<\/strong><strong>pour une \u00e9tape de vie aussi importante qu&rsquo;une grossesse et\/ou une parentalit\u00e9 ?<\/strong><\/p>\n<p>En France, la loi \u00e9tablit vos droits. personne n&rsquo;a la l\u00e9gitimit\u00e9 \u00e0 vous imposer une issue que vous ne souhaitez pas \u00e0 votre grossesse.<\/p>\n\t<h3>Des questions sp\u00e9cifiques<\/h3>\n\t<p>Lorsqu&rsquo;on se d\u00e9couvre enceinte sans l&rsquo;avoir pr\u00e9vu dans un contexte de handicap, on se pose plusieurs questions suppl\u00e9mentaires par rapport \u00e0 une personne valide.<\/p>\n<p>Si vous d\u00e9sirez interrompre la grossesse, le parcours vers une IVG est-il complexifi\u00e9 par le handicap ? Une surveillance particuli\u00e8re est-elle n\u00e9cessaire ? Comment rejoindre un lieu de soins rapidement en cas de complication apr\u00e8s le geste ?<\/p>\n<p><strong>Si vous envisagez de poursuivre la grossesse,<\/strong> le handicap influera-t-il dessus et sur une \u00e9ventuelle parentalit\u00e9 ? Quelle aide pourrez-vous r\u00e9ellement attendre des soignants pour adapter :<\/p>\n<p>&#8211; Le suivi ;<\/p>\n<p>&#8211; Les examens ;<\/p>\n<p>&#8211; L&rsquo;accouchement ;<\/p>\n<p>&#8211; Les suites de couche ?<\/p>\n<p>Comment, potentiellement, obtenir par la suite du mat\u00e9riel de pu\u00e9riculture adapt\u00e9, travailler le portage et la s\u00e9curisation du logement ? Si vous avez besoin d&rsquo;un accompagnement psychologique professionnel, celui-ci tiendra-t-il compte de la r\u00e9alit\u00e9 quotidienne d&rsquo;une personne handicap\u00e9e ?<\/p>\n<p><strong>Dans tous les cas,<\/strong> la communication sera-t-elle simple avec les soignants ? Ce probl\u00e8me se pose bien entendu particuli\u00e8rement en cas de difficult\u00e9\/impossibilit\u00e9 physique de s&rsquo;exprimer \u00e0 l&rsquo;oral, mais ce n&rsquo;est pas le seul obstacle possible.<\/p>\n<p>De mani\u00e8re g\u00e9n\u00e9rale, comment faire face aux pr\u00e9jug\u00e9s li\u00e9s au handicap, \u00e0 la m\u00e9connaissance de certains praticiens des contraintes li\u00e9es ? Il est toujours moins simple de communiquer efficacement quand on est dans une situation de stress. L\u00e0, il va falloir en plus faire co\u00efncider vos contraintes et celles de professionnels ayant potentiellement un sch\u00e9ma de pens\u00e9e diff\u00e9rent du v\u00f4tre.<\/p>\n<p>\u00c0 toutes ces questions, il est difficile de r\u00e9pondre.<strong>\u00a0Si la prise en charge m\u00e9dicale peut souffrir de nombreux probl\u00e8mes syst\u00e9miques, chaque histoire et chaque relation avec un soignant demeurent uniques.<\/strong> Et tout peut aussi tr\u00e8s bien se d\u00e9rouler ! Ici, nous vous donnerons quelques pistes de r\u00e9flexion pour mettre toutes les chances de votre c\u00f4t\u00e9, quel que soit votre choix concernant l&rsquo;issue de votre grossesse.<\/p>\n\t<h2 id=\"suivi\"><strong>Mettre en place une prise en charge correspondant \u00e0 vos besoins<\/strong><\/h2>\n\t\t\t\t<img decoding=\"async\" src=\"https:\/\/grossesseimprevue.fr\/wp-content\/uploads\/2020\/05\/Suivi.jpg\" alt=\"[Image d'illustration] Du mat\u00e9riel m\u00e9dical en vrac\" itemprop=\"image\" height=\"200\" width=\"300\" title=\"Suivi\" onerror=\"this.style.display='none'\" loading=\"lazy\" \/>\n\tLa sexualit\u00e9 active et la grossesse des personnes handicap\u00e9es sont souvent des impens\u00e9s dans la soci\u00e9t\u00e9. Pourtant, ces aspects de la vie courante existent bel et bien et dans la majorit\u00e9 des cas, rien n&#8217;emp\u00eache une personne handicap\u00e9e de tomber enceinte.<br \/>\nEn cas de poursuite de la grossesse, cette derni\u00e8re ne sera d&rsquo;ailleurs pas forc\u00e9ment pathologique et ne n\u00e9cessitera pas d&rsquo;\u00eatre suivie dans un service d\u00e9di\u00e9 aux grossesses \u00e0 risques.\n<p>C&rsquo;est bel et bien \u00e0 vous d&rsquo;estimer votre capacit\u00e9 \u00e0 assumer la d\u00e9cision que vous prendrez \u00e0 propos de votre grossesse. Nous ne pouvons que vous r\u00e9p\u00e9ter une fois de plus que\u00a0<strong>personne n&rsquo;a \u00e0 vous imposer une issue ou un accompagnement qui ne vous convient pas.\u00a0<\/strong><\/p>\n\t<h3 id=\"conseils\">Quelques conseils g\u00e9n\u00e9raux<\/h3>\n\t<strong>Vous pourrez souvent compter sur\u00a0les comp\u00e9tences des professionnels de sant\u00e9<\/strong>. Une consultation peut \u00eatre l&rsquo;occasion de d\u00e9grossir les obstacles pratiques \u00e0 anticiper pour mettre en place votre parcours. Vous devez pouvoir poser toutes les questions qui vous tracassent.<br \/>\nLa concertation et la confiance r\u00e9ciproque seront en effet tr\u00e8s importantes entre vous et la sage-femme ou le m\u00e9decin pour prendre et faire respecter votre d\u00e9cision de la mani\u00e8re la plus confortable pour vous tout en tenant compte des contraintes du professionnel.\n<p>N&rsquo;h\u00e9sitez pas si n\u00e9cessaire \u00e0\u00a0<strong>consulter tous les soignants et sp\u00e9cialistes de confiance qui vous suivent habituellement.<\/strong> Ils pourront vous fournir des conseils et informations pr\u00e9cieux. Ils pourront \u00e9galement vous aider \u00e0 mettre en relation tous les soignants autour de vous afin qu&rsquo;ils <strong>puissent se concerter et vous proposer le parcours le plus adapt\u00e9 \u00e0 vos besoins et souhaits<\/strong>.<\/p>\nCela peut notamment \u00eatre utile\u00a0 pour optimiser les traitements en cours, la douleur \u00e9ventuelle ou un \u00e9puisement li\u00e9 \u00e0 la grossesse. Cette mise en commun des comp\u00e9tences et connaissances peut rassurer chacun, vous comme les soignants peu \u00e0 l&rsquo;aise avec le handicap.<br \/>\n\n<p><strong>Si vous avez des difficult\u00e9s ou des caract\u00e9ristiques compliquant la communication avec des personnes valides,<\/strong> vous pouvez de votre c\u00f4t\u00e9 proposer aux soignants des outils pour simplifier les \u00e9changes.<\/p>\n<p>Par exemple vous pouvez demander aux soignants :<\/p>\n<p>&#8211; De passer par l&rsquo;\u00e9crit pour discuter ;<\/p>\n<p>&#8211; D&rsquo;attendre que vous ayez fini de parler, m\u00eame si vous avez des troubles de l&rsquo;\u00e9locution ;<\/p>\n<p>&#8211;\u00a0 D&rsquo;\u00e9viter certains gestes ou attitudes ;<\/p>\n<p>&#8211; De faire des efforts particuliers d&rsquo;articulation ;<\/p>\n<p>&#8211; D&rsquo;\u00e9viter de faire des entretiens dans des environnements trop bruyants\/color\u00e9s ;<\/p>\n<p>&#8211; De pr\u00e9voir les entretiens \u00e0 distance des prises de m\u00e9dicaments ;<\/p>\n<p>&#8211; Etc.<\/p>\n<p>Il est indispensable que les soignants acceptent les outils propos\u00e9s pour faciliter le dialogue. <strong>Le suivi de votre grossesse ou la pr\u00e9paration de votre IVG ne doit pas se faire sans concertation constante avec vous<\/strong>.<\/p>\n<p>Vous pouvez aussi r\u00e9fl\u00e9chir, seule ou non, \u00e0 r\u00e9diger\u00a0<strong>un document<\/strong>\u00a0sur ce que vous voulez que les soignants fassent\u00a0<strong>si vous n&rsquo;\u00eates temporairement pas en \u00e9tat d&rsquo;exprimer vos besoins ou votre volont\u00e9<\/strong>. Cela permettra aux gens de r\u00e9agir de la mani\u00e8re la plus ad\u00e9quate possible.<\/p>\n<p>Bien entendu, ce sera forc\u00e9ment\u00a0<strong>d\u00e9pendant de la possibilit\u00e9 de mettre en oeuvre vos directives<\/strong>, mais il y a plus de chances d&rsquo;avoir un comportement adapt\u00e9 \u00e0 votre situation s&rsquo;il existe une base pour le d\u00e9finir !<\/p>\n\t<h3 id=\"ivg\">Vous souhaitez interrompre votre grossesse.<\/h3>\n\t.Vous souhaitez interrompre votre grossesse ? Voici quelques informations et conseils plus sp\u00e9cifiques<br \/>\n\n<p>Si vous en avez la possibilit\u00e9, <strong>une fois votre d\u00e9cision prise et le plus t\u00f4t possible dans votre parcours, faites le point pour prioriser vos besoins<\/strong>. En effet, selon la m\u00e9thode d&rsquo;intervention qui sera convenue avec le m\u00e9decin ou la sage-femme, certains choix et questionnements peuvent se pr\u00e9senter.<\/p>\n<p><strong>En cas d&rsquo;IVG m\u00e9dicamenteuse,<\/strong> un professionnel de sant\u00e9 peut \u00eatre plus r\u00e9ticent \u00e0 vous proposer de la mener \u00e0 domicile, notamment si vous avez une mobilit\u00e9 r\u00e9duite. En effet, si des complications surviennent suite au geste, il faut pouvoir vous rendre rapidement dans un service d&rsquo;urgences.<\/p>\n<p>Si vous \u00eates concern\u00e9e par cette probl\u00e9matique et que vous souhaitez n\u00e9anmoins organiser une IVG chez vous,\u00a0 il est donc n\u00e9cessaire de pr\u00e9voir une organisation viable et fiable pour vous transporter au cas o\u00f9 et de communiquer dessus aupr\u00e8s des soignants pour les rassurer.<\/p>\n<p>Toujours concernant les \u00e9ventuelles complications, si vous avez des d\u00e9ficiences sensorielles ou que d&rsquo;autres circonstances rendent plus difficile l&rsquo;identification de signes pr\u00e9occupants, il peut \u00eatre utile de trouver une strat\u00e9gie pour pallier \u00e0 ce probl\u00e8me. Cela peut \u00eatre la pr\u00e9sence d&rsquo;un tiers de confiance, un passage infirmier programm\u00e9, etc.<\/p>\n<p>Si vous acceptez ou pr\u00e9f\u00e9rez que l&rsquo;IVG se d\u00e9roule en service hospitalier, n&rsquo;h\u00e9sitez pas \u00e0 pr\u00e9voir de quoi assurer votre confort et\/ou r\u00e9confort jusqu&rsquo;\u00e0 son aboutissement : livres, musique, console, etc. Tout ce qui pourra vous distraire des sensations ou ressentis d\u00e9plaisants sera bienvenu. Si vous d\u00e9sirez ou avez besoin que quelqu&rsquo;un vous accompagne, parlez-en \u00e0 l&rsquo;avance pour valider sa pr\u00e9sence \u00e0 vos c\u00f4t\u00e9s.<\/p>\n<p><strong>Concernant l&rsquo;IVG instrumentale,<\/strong> certains soignants vous inciteront \u00e0 privil\u00e9gier une anesth\u00e9sie g\u00e9n\u00e9rale pour votre confort, mais \u00e9galement pour faciliter l&rsquo;intervention pour l&rsquo;\u00e9quipe m\u00e9dicale. L\u00e0 encore c&rsquo;est \u00e0 vous de d\u00e9cider.<\/p>\n<p>Petit rappel important : si vous ne trouvez pas d&rsquo;accord sur le protocole d&rsquo;IVG , gardez en t\u00eate le facteur temps qui risque de r\u00e9duire vos possibilit\u00e9s pour chercher un autre profesionnel pour faire cette intervention.<\/p>\n\t<h3>Vous souhaitez poursuivre votre grossesse<\/h3>\n\t<p>Vous d\u00e9sirez poursuivre votre grossesse ? Nous vous proposons quelques conseils d\u00e9di\u00e9s.<\/p>\n<p><strong>Plus t\u00f4t vous pourrez baliser vos contraintes et besoins concernant le suivi de grossesse et une \u00e9ventuelle parentalit\u00e9<\/strong>, mieux vous pourrez communiquer \u00e0 propos de ces imp\u00e9ratifs avec les soignants, qui pourraient parfois avoir une id\u00e9e fauss\u00e9e de votre situation. Si vous en avez la possibilit\u00e9, <strong>r\u00e9digez (ou faites r\u00e9diger) un document qui servira de \u00ab\u00a0mode d&#8217;emploi\u00a0\u00bb<\/strong> sur diff\u00e9rents sujets : mat\u00e9riel m\u00e9dical adapt\u00e9 pour les examens, gestion de la douleur, documents d&rsquo;information accessibles, etc.<\/p>\n<p>Comme expliqu\u00e9 plus haut, <strong>\u00eatre enceinte et handicap\u00e9e ne signifie pas forc\u00e9ment que votre grossesse est \u00e0 risques<\/strong>. Vous renseigner \u00e0 ce sujet vous permettra de r\u00e9fl\u00e9chir au suivi \u00e0 mettre en place et les \u00e9ventuels professionnels sp\u00e9cialistes \u00e0 solliciter, mais \u00e9galement sur le type de maternit\u00e9 dans laquelle vous souhaitez accoucher.<\/p>\n<p>Pour rappel, il existe trois niveaux de s\u00e9curit\u00e9 en maternit\u00e9 :<\/p>\n&#8211; <strong>Les maternit\u00e9s de niveau 1 accueillent les personnes enceintes dont la grossesse et l&rsquo;accouchement ne pr\u00e9sentent <em>a priori<\/em> pas de risque particuliers<\/strong>. Ces \u00e9tablissements ne disposent pas d&rsquo;unit\u00e9 de n\u00e9onatalogie. Il est possible d&rsquo;organiser un suivi adapt\u00e9 \u00e0 vos besoins l\u00e0-bas dans ce cadre si votre grossesse n&rsquo;est pas pathologique.<br \/>\nCette cat\u00e9gorie comprend \u00e9galement les \u00ab\u00a0maisons de naissance\u00a0\u00bb, des lieux moins m\u00e9dicalis\u00e9s (mais qui poss\u00e8dent toujours une \u00e9quipe soignante comp\u00e9tente !) o\u00f9 l&rsquo;accouchement dit physiologique est privil\u00e9gi\u00e9.\n<p>&#8211; Les maternit\u00e9s de niveau 2 poss\u00e8dent une unit\u00e9 de n\u00e9onatologie et de soins intensifs. Elles peuvent accueillir des pr\u00e9matur\u00e9s n\u00e9s apr\u00e8s 33 semaines de grossesse tant qu&rsquo;ils ne n\u00e9cessitent pas de soins trop lourds, notamment sur le plan respiratoire.<\/p>\n<p>&#8211; Les maternit\u00e9s de niveau 3 poss\u00e8dent tous les services n\u00e9cessaires \u00e0 une prise en charge n\u00e9onatale lourde, y compris dans le cadre d&rsquo;une grande pr\u00e9maturit\u00e9. Par ailleurs, ces maternit\u00e9s sont sp\u00e9cialis\u00e9es dans le suivi de grossesses pathologiques et\/ou multiples (avec plusieurs embryons\/foetus).<\/p>\n<p>Sachez enfin qu&rsquo;en cas de probl\u00e8me non pr\u00e9vu lors de la grossesse ou de l&rsquo;accouchement et si la maternit\u00e9 qui vous suit ne peut assurer les soins dont vous ou le b\u00e9b\u00e9 avez besoin, un transfert sera organis\u00e9 vers un service apte \u00e0 vous recevoir.<\/p>\n<p>Aborder avec les professionnels de sant\u00e9 la question du choix du niveau de s\u00e9curit\u00e9 n\u00e9cessaire pour vous suivre permettra de pr\u00e9parer ensemble au mieux votre accouchement et ses suites.<\/p>\n<p>Vous pouvez \u00e9galement <strong>visiter les maternit\u00e9s qui vous int\u00e9ressent avant de vous y inscrire<\/strong>, afin notamment de v\u00e9rifier que le mat\u00e9riel, les chambres, etc., correspondent \u00e0 vos besoins.<\/p>\n<p>Cette visite permettra aussi d&rsquo;\u00e9changer avec l&rsquo;\u00e9quipe m\u00e9dicale qui vous prendra en charge, y compris apr\u00e8s votre accouchement. C&rsquo;est le moment d&rsquo;aborder tout sujet qui vous pr\u00e9occupe ! Par exemple, si vous entamez une parentalit\u00e9 ou si vous d\u00e9sirez assurer les soins au b\u00e9b\u00e9 dans le contexte d&rsquo;une proc\u00e9dure de remise de l&rsquo;enfant \u00e0 l&rsquo;adoption, saisissez-vous de cette occasion pour voir comment les soignants peuvent vous accompagner et vous soutenir, au niveau mat\u00e9riel comme humain.<\/p>\n<p>Vous trouverez sur <a href=\"https:\/\/www.handirect.fr\/grossesse-et-handicap-une-prise-en-charge-delicate-2\/\">Handirect<\/a> quelques conseils suppl\u00e9mentaires pour les personnes enceintes qui ont un handicap moteur.<\/p>\n\t<h2 id=\"soutien\"><strong>Trouver des informations et du soutien<\/strong><\/h2>\n\t\t\t\t<img decoding=\"async\" src=\"https:\/\/grossesseimprevue.fr\/wp-content\/uploads\/2024\/08\/Ensemble-300x200.jpeg\" alt=\"[image d'illustration] Deux personnes solidaires se tiennent les mains\" itemprop=\"image\" height=\"200\" width=\"300\" title=\"Ensemble\" onerror=\"this.style.display='none'\" loading=\"lazy\" \/>\n\t<p>Notre soci\u00e9t\u00e9, tout comme ses structures et institutions, pr\u00e9sente en majorit\u00e9 une accessibilit\u00e9 limit\u00e9e, voire inexistante en fonction des handicaps. Cet \u00e9tat de fait g\u00e9n\u00e9rera divers obstacles suppl\u00e9mentaires lors de vos d\u00e9marches, Vous entourer de soutiens de confiance vous aidera \u00e0 les traverser ou \u00e0 les contourner plus facilement.<\/p>\n\t<h3>Des structures et services adapt\u00e9s<\/h3>\n\t<p>Il existe des services et des structures d\u00e9di\u00e9es \u00e0 la prise en charge gyn\u00e9cologique et\/ou obst\u00e9trique des personnes handicap\u00e9es enceintes. Ces endroits sont certes peu nombreux et mal r\u00e9partis sur le territoire, mais les conna\u00eetre peut vous \u00eatre utile. Nous vous en pr\u00e9sentons certaines sur cette page.<\/p>\n<p>&#8211; \u00c0 l&rsquo;institut Monsouris, dans le 14e arrondissement de Paris, il existe<a href=\"https:\/\/imm.fr\/fiche-info-patient\/maternite-handicap-et-parentalite\/\"> un service de suivi gyn\u00e9co et obst\u00e9trique d\u00e9di\u00e9 aux personnes handicap\u00e9es<\/a>.<\/p>\n<p>&#8211; \u00c0 Lyon, depuis 2017, l&rsquo;h\u00f4pital de la Croix-Rousse a cr\u00e9\u00e9 <a href=\"https:\/\/www.chu-lyon.fr\/handimam-parcours-adapte-aux-futures-mamans-en-situation-de-handicap\">le parcours Handimam<\/a>, lui aussi pr\u00e9vu pour les personnes handicap\u00e9es enceintes ou ayant un projet de parentalit\u00e9.<\/p>\n<p>&#8211; Depuis 2023, ont \u00e9merg\u00e9 dans de nombreuses r\u00e9gions de France des centres ressources <a href=\"https:\/\/www.monparcourshandicap.gouv.fr\/intimagir\">IntimAgir<\/a>. Ces centres, soutenus par les agences r\u00e9gionales de sant\u00e9 (ARS) sont d\u00e9di\u00e9s \u00e0 l&rsquo;information et \u00e0 la protection de la sant\u00e9 sexuelle, de la vie affective et sexuelle et des droits reproductifs des personnes handicap\u00e9es.<\/p>\n\t<h3>Le soutien associatif<\/h3>\n\t<p>Certaines associations peuvent vous offrir un appui mat\u00e9riel, moral et l\u00e9gal lors de votre grossesse, mais aussi vous assister dans la mise en place de votre choix concernant son issue.<\/p>\n<p>Il est par exemple trop peu connu que le <a href=\"https:\/\/www.planning-familial.org\/fr\">Planning Familial<\/a> d\u00e9veloppe une expertise dans l&rsquo;accompagnement \u00e0 la sant\u00e9 sexuelle et le soutien des droits reproductifs des personnes handicap\u00e9es (source <strong><a href=\"https:\/\/www.planning-familial.org\/fr\/handicap-et-alors-257\">ICI<\/a><\/strong>). Cette association d&rsquo;\u00e9ducation populaire a \u00e9galement particip\u00e9 \u00e0 l&rsquo;\u00e9mergence des centres IntimAgir, que nous \u00e9voquions plus haut.<\/p>\n<p>Si vous d\u00e9sirez devenir parent \u00e0 la suite de votre grossesse, plusieurs associations peuvent vous pr\u00eater du mat\u00e9riel de pu\u00e9riculture, faire de la pair-aidance (soutien entre personnes concern\u00e9es par une m\u00eame probl\u00e9matique) proposer des ateliers de portage, etc. <a href=\"https:\/\/blog.handiparentalite.org\/\">Handi-parentalit\u00e9<\/a>, notamment, est une association dont les parents-relais sont pr\u00e9sents dans diff\u00e9rentes r\u00e9gions.<\/p>\n\t<h3>Le soutien de l&rsquo;entourage<\/h3>\n\t<p>Vous avez des proches soutenants dans votre entourage ? Qu&rsquo;il s&rsquo;agisse de votre partenaire de vie, de votre famille, d&rsquo;amis, ou de n&rsquo;importe qui de pr\u00e9sent et de fiable \u00e0 vos c\u00f4t\u00e9s, ces personnes seront souvent de bons alli\u00e9s en cas de difficult\u00e9s.<\/p>\n<p>En premier lieu, cet aidant pourra vous fournir une aide technique et logistique : d\u00e9placements, orientation, lecture de documents non adapt\u00e9s, etc. Cela vous \u00e9vitera d&rsquo;accro\u00eetre votre fatigue et votre stress dans une situation d\u00e9j\u00e0 anxiog\u00e8ne.<\/p>\n<p>Mais un proche peut \u00e9galement, si vous le d\u00e9sirez, faciliter vos interactions avec certains soignants. Ce soutien peut \u00eatre sur la forme, par exemple en facilitant les \u00e9changes si vous avez du mal \u00e0 oraliser, ou sur le fond en rappelant \u00e0 certains professionnels de sant\u00e9 ind\u00e9licats qu&rsquo;en tant que premi\u00e8re concern\u00e9e par votre grossesse, vous \u00eates, et devez rester, la principale interlocutrice concernant\u00a0 votre suivi et\/ou les actes m\u00e9dicaux \u00e0 envisager.<\/p>\n<p>Enfin, un soutien \u00e9motionnel n&rsquo;est jamais \u00e0 n\u00e9gliger. Une grossesse, qu&rsquo;on l&rsquo;interrompe ou qu&rsquo;on la poursuive, est un \u00e9v\u00e9nement qui puise dans les ressources psychiques et physiques.<\/p>\n\t<h3>D&rsquo;autres informations et ressources<\/h3>\n\t<p>Sur cette page, nous avons mentionn\u00e9 quelques ressources disponibles sur la grossesse dans un contexte de handicap moteur et sensoriel. Mais n&rsquo;h\u00e9sitez pas \u00e0 consulter nos pages de <strong><a href=\"https:\/\/grossesseimprevue.fr\/index.php\/ressources-exterieures\/\">ressources<\/a><\/strong>,\u00a0 vous en trouverez bien d&rsquo;autres !<\/p>\n\n","protected":false},"excerpt":{"rendered":"<p>Je suis enceinte et j&rsquo;ai un handicap physique\/sensoriel Nous vous proposons ici\u00a0 notre d\u00e9finition du handicap, qui nous para\u00eet ad\u00e9quate dans le cadre de la r\u00e9flexion autour de la grossesse et de sa prise en charge : Le handicap est<\/p>\n","protected":false},"author":1,"featured_media":0,"parent":0,"menu_order":0,"comment_status":"closed","ping_status":"closed","template":"","meta":{"footnotes":""},"class_list":["post-1482","page","type-page","status-publish","hentry"],"_links":{"self":[{"href":"https:\/\/grossesseimprevue.fr\/index.php\/wp-json\/wp\/v2\/pages\/1482","targetHints":{"allow":["GET"]}}],"collection":[{"href":"https:\/\/grossesseimprevue.fr\/index.php\/wp-json\/wp\/v2\/pages"}],"about":[{"href":"https:\/\/grossesseimprevue.fr\/index.php\/wp-json\/wp\/v2\/types\/page"}],"author":[{"embeddable":true,"href":"https:\/\/grossesseimprevue.fr\/index.php\/wp-json\/wp\/v2\/users\/1"}],"replies":[{"embeddable":true,"href":"https:\/\/grossesseimprevue.fr\/index.php\/wp-json\/wp\/v2\/comments?post=1482"}],"version-history":[{"count":11,"href":"https:\/\/grossesseimprevue.fr\/index.php\/wp-json\/wp\/v2\/pages\/1482\/revisions"}],"predecessor-version":[{"id":2790,"href":"https:\/\/grossesseimprevue.fr\/index.php\/wp-json\/wp\/v2\/pages\/1482\/revisions\/2790"}],"wp:attachment":[{"href":"https:\/\/grossesseimprevue.fr\/index.php\/wp-json\/wp\/v2\/media?parent=1482"}],"curies":[{"name":"wp","href":"https:\/\/api.w.org\/{rel}","templated":true}]}}