{"id":1607,"date":"2021-02-13T19:02:53","date_gmt":"2021-02-13T18:02:53","guid":{"rendered":"https:\/\/grossesseimprevue.fr\/?page_id=1607"},"modified":"2022-08-13T11:19:55","modified_gmt":"2022-08-13T09:19:55","slug":"murmures-denceintes","status":"publish","type":"page","link":"https:\/\/grossesseimprevue.fr\/index.php\/murmures-denceintes\/","title":{"rendered":"Murmures d&rsquo;Enceintes"},"content":{"rendered":"\n\t<h1>Murmures d&rsquo;Enceintes, le podcast<\/h1>\n\t<p>Dans le cadre du projet Grossesse Impr\u00e9vue, nous avons d\u00e9cid\u00e9 d&rsquo;associer au site un podcast, qui \u00e9voquera diff\u00e9rents sujets et\u00a0 probl\u00e9matiques autour de la grossesse impr\u00e9vue, de ses issues possibles et des circonstances particuli\u00e8res qui peuvent l&rsquo;entourer.<\/p>\n\t<h2>Un nouveau podcast sur la grossesse impr\u00e9vue<\/h2>\n\t\t\t\t<img loading=\"lazy\" decoding=\"async\" src=\"https:\/\/grossesseimprevue.fr\/wp-content\/uploads\/2021\/02\/Vignette.png\" alt=\"Vignette &quot;Murmures d'Enceintes&quot;\" itemprop=\"image\" height=\"500\" width=\"500\" title=\"Vignette\" onerror=\"this.style.display='none'\"  \/>\n\t<h3>Pilote : Les id\u00e9es re\u00e7ues sur la grossesse impr\u00e9vue<\/h3>\n\t<p>Comme le titre le pr\u00e9cise, cet \u00e9pisode pilote se concentre sur les id\u00e9es re\u00e7ues autour de la grossesse impr\u00e9vue (quelle surprise !) La premi\u00e8re partie se concentre sur le th\u00e8me de la charge de la contraception et des \u00e9checs de cette derni\u00e8re. La seconde partie \u00e9voque le regret maternel et les difficult\u00e9s de la parentalit\u00e9.<\/p>\n\t\t<meta itemprop=\"url\" content=\"https:\/\/grossesseimprevue.fr\/wp-content\/uploads\/2021\/02\/Episode-final.mp3\" \/><audio class=\"wp-audio-shortcode\" id=\"audio-1607-1\" preload=\"none\" style=\"width: 100%;\" controls=\"controls\"><source type=\"audio\/mpeg\" src=\"https:\/\/grossesseimprevue.fr\/wp-content\/uploads\/2021\/02\/Episode-final.mp3?_=1\" \/><a href=\"https:\/\/grossesseimprevue.fr\/wp-content\/uploads\/2021\/02\/Episode-final.mp3\">https:\/\/grossesseimprevue.fr\/wp-content\/uploads\/2021\/02\/Episode-final.mp3<\/a><\/audio>\n\t<h3>Episode 2, Handicap et sant\u00e9 reproductive <\/h3>\n\t<p>Quand on est une personne handicap\u00e9e, g\u00e9rer sa sant\u00e9 reproductive peut devenir un sacr\u00e9 casse-t\u00eate. Entre pr\u00e9jug\u00e9s, manque d&rsquo;accessibilit\u00e9, manque d&rsquo;informations, il faut parfois avoir les nerfs solides pour pouvoir faire entendre et respecter ses choix sur la contraception, l&rsquo;avenir d&rsquo;une grossesse&#8230;<\/p>\n<p>Cette premi\u00e8re partie se concentrera sur l&rsquo;\u00e9tat des lieux concernant cet \u00e9pineux sujet. Dans un second temps, nous parlerons davantage des solutions qu&rsquo;il est actuellement possible de mettre en oeuvre. L&rsquo;interview d&rsquo;Euphraise, m\u00e9decin g\u00e9n\u00e9raliste, fait la transition entre ces deux morceaux. <\/p>\n<p>Avec <a href=\"https:\/\/charlottepuiseux.weebly.com\/\">Charlotte Puiseux<\/a>, militante anti validisme, et <a href=\"https:\/\/twitter.com\/euphraise\">Euphraise<\/a>, m\u00e9decin g\u00e9n\u00e9raliste sp\u00e9cialis\u00e9 en sant\u00e9 reproductive<\/p>\n\t\t<meta itemprop=\"url\" content=\"https:\/\/grossesseimprevue.fr\/wp-content\/uploads\/2021\/06\/ME-episode-2-1.mp3\" \/><audio class=\"wp-audio-shortcode\" id=\"audio-1607-2\" preload=\"none\" style=\"width: 100%;\" controls=\"controls\"><source type=\"audio\/mpeg\" src=\"https:\/\/grossesseimprevue.fr\/wp-content\/uploads\/2021\/06\/ME-episode-2-1.mp3?_=2\" \/><a href=\"https:\/\/grossesseimprevue.fr\/wp-content\/uploads\/2021\/06\/ME-episode-2-1.mp3\">https:\/\/grossesseimprevue.fr\/wp-content\/uploads\/2021\/06\/ME-episode-2-1.mp3<\/a><\/audio>\n\t<h3>Episode 2, partie 2 : Handicap et grossesse impr\u00e9vue <\/h3>\n\t<p>Dans cet \u00e9pisode on parle de quelques conseils techniques pour g\u00e9rer sa grossesse quand on est handicap\u00e9e. Que vous souhaitiez l&rsquo;interrompre ou la poursuivre, vous trouverez ici je l&rsquo;esp\u00e8re quelques billes utiles.<\/p>\n<p>Attention ! Au moment de mon dernier enregistrement (que j&rsquo;avoue ne pas avoir eu la foi de re re re refaire) la loi port\u00e9e par Albane Gaillot et de tr\u00e8s nombreuses militantes sur l&rsquo;extension du d\u00e9lai d&rsquo;IVG n&rsquo;\u00e9tait pas pass\u00e9e. C&rsquo;est aujourd&rsquo;hui chose faite. Du coup, d\u00e9sormais vous disposez de 14 semaines de grossesse (16 semaines d&rsquo;am\u00e9norrh\u00e9e) pour recourir \u00e0 une IVG.<\/p>\n\t\t<meta itemprop=\"url\" content=\"\" \/><audio class=\"wp-audio-shortcode\" id=\"audio-1607-3\" preload=\"none\" style=\"width: 100%;\" controls=\"controls\"><source type=\"audio\/mpeg\" src=\"https:\/\/grossesseimprevue.fr\/wp-content\/uploads\/2021\/02\/Episode-final.mp3?_=3\" \/><a href=\"https:\/\/grossesseimprevue.fr\/wp-content\/uploads\/2021\/02\/Episode-final.mp3\">https:\/\/grossesseimprevue.fr\/wp-content\/uploads\/2021\/02\/Episode-final.mp3<\/a><\/audio>\n\t","protected":false},"excerpt":{"rendered":"<p>Murmures d&rsquo;Enceintes, le podcast Dans le cadre du projet Grossesse Impr\u00e9vue, nous avons d\u00e9cid\u00e9 d&rsquo;associer au site un podcast, qui \u00e9voquera diff\u00e9rents sujets et\u00a0 probl\u00e9matiques autour de la grossesse impr\u00e9vue, de ses issues possibles et des circonstances particuli\u00e8res qui peuvent<\/p>\n","protected":false},"author":1,"featured_media":0,"parent":0,"menu_order":0,"comment_status":"closed","ping_status":"closed","template":"","meta":{"footnotes":""},"class_list":["post-1607","page","type-page","status-publish","hentry"],"_links":{"self":[{"href":"https:\/\/grossesseimprevue.fr\/index.php\/wp-json\/wp\/v2\/pages\/1607","targetHints":{"allow":["GET"]}}],"collection":[{"href":"https:\/\/grossesseimprevue.fr\/index.php\/wp-json\/wp\/v2\/pages"}],"about":[{"href":"https:\/\/grossesseimprevue.fr\/index.php\/wp-json\/wp\/v2\/types\/page"}],"author":[{"embeddable":true,"href":"https:\/\/grossesseimprevue.fr\/index.php\/wp-json\/wp\/v2\/users\/1"}],"replies":[{"embeddable":true,"href":"https:\/\/grossesseimprevue.fr\/index.php\/wp-json\/wp\/v2\/comments?post=1607"}],"version-history":[{"count":15,"href":"https:\/\/grossesseimprevue.fr\/index.php\/wp-json\/wp\/v2\/pages\/1607\/revisions"}],"predecessor-version":[{"id":1767,"href":"https:\/\/grossesseimprevue.fr\/index.php\/wp-json\/wp\/v2\/pages\/1607\/revisions\/1767"}],"wp:attachment":[{"href":"https:\/\/grossesseimprevue.fr\/index.php\/wp-json\/wp\/v2\/media?parent=1607"}],"curies":[{"name":"wp","href":"https:\/\/api.w.org\/{rel}","templated":true}]}}