{"id":1941,"date":"2025-01-17T12:36:31","date_gmt":"2025-01-17T11:36:31","guid":{"rendered":"https:\/\/grossesseimprevue.fr\/?page_id=1941"},"modified":"2025-01-17T12:36:31","modified_gmt":"2025-01-17T11:36:31","slug":"documents-et-ressources-crees-par-grossesse-imprevue","status":"publish","type":"page","link":"https:\/\/grossesseimprevue.fr\/index.php\/documents-et-ressources-crees-par-grossesse-imprevue\/","title":{"rendered":"Documents et ressources cr\u00e9\u00e9s par Grossesse Impr\u00e9vue"},"content":{"rendered":"\n\n\t<h1><strong>Quelques ressources cr\u00e9\u00e9es par Grossesse Impr\u00e9vue<\/strong><\/h1>\n\t<p>Nous r\u00e9unirons ici quelques ressources imagin\u00e9es et cr\u00e9\u00e9es par Grossesse Impr\u00e9vue : livrets d&rsquo;information sur plusieurs sujets autour de la grossesse impr\u00e9vue, documents divers, etc.<\/p>\n\n","protected":false},"excerpt":{"rendered":"<p>Quelques ressources cr\u00e9\u00e9es par Grossesse Impr\u00e9vue Nous r\u00e9unirons ici quelques ressources imagin\u00e9es et cr\u00e9\u00e9es par Grossesse Impr\u00e9vue : livrets d&rsquo;information sur plusieurs sujets autour de la grossesse impr\u00e9vue, documents divers, etc.<\/p>\n","protected":false},"author":1,"featured_media":0,"parent":0,"menu_order":0,"comment_status":"closed","ping_status":"closed","template":"","meta":{"footnotes":""},"class_list":["post-1941","page","type-page","status-publish","hentry"],"_links":{"self":[{"href":"https:\/\/grossesseimprevue.fr\/index.php\/wp-json\/wp\/v2\/pages\/1941","targetHints":{"allow":["GET"]}}],"collection":[{"href":"https:\/\/grossesseimprevue.fr\/index.php\/wp-json\/wp\/v2\/pages"}],"about":[{"href":"https:\/\/grossesseimprevue.fr\/index.php\/wp-json\/wp\/v2\/types\/page"}],"author":[{"embeddable":true,"href":"https:\/\/grossesseimprevue.fr\/index.php\/wp-json\/wp\/v2\/users\/1"}],"replies":[{"embeddable":true,"href":"https:\/\/grossesseimprevue.fr\/index.php\/wp-json\/wp\/v2\/comments?post=1941"}],"version-history":[{"count":7,"href":"https:\/\/grossesseimprevue.fr\/index.php\/wp-json\/wp\/v2\/pages\/1941\/revisions"}],"predecessor-version":[{"id":2519,"href":"https:\/\/grossesseimprevue.fr\/index.php\/wp-json\/wp\/v2\/pages\/1941\/revisions\/2519"}],"wp:attachment":[{"href":"https:\/\/grossesseimprevue.fr\/index.php\/wp-json\/wp\/v2\/media?parent=1941"}],"curies":[{"name":"wp","href":"https:\/\/api.w.org\/{rel}","templated":true}]}}