{"id":2385,"date":"2024-12-07T00:19:10","date_gmt":"2024-12-06T23:19:10","guid":{"rendered":"https:\/\/grossesseimprevue.fr\/?page_id=2385"},"modified":"2024-12-07T00:23:40","modified_gmt":"2024-12-06T23:23:40","slug":"ressources-non-institutionnelles-autour-de-la-grossesse-et-des-circonstances-particulieres","status":"publish","type":"page","link":"https:\/\/grossesseimprevue.fr\/index.php\/ressources-non-institutionnelles-autour-de-la-grossesse-et-des-circonstances-particulieres\/","title":{"rendered":"Ressources non institutionnelles autour de la grossesse et des circonstances particuli\u00e8res"},"content":{"rendered":"\n\n\t<h1><strong>Ressources non institutionnelles<br \/>\nautour de la grossesse et des circonstances particuli\u00e8res<\/strong><\/h1>\n\t<p>Sur cette page, nous avons rassembl\u00e9 <strong>plusieurs ressources, documentations et outils non institutionnels<\/strong> concernant diff\u00e9rentes circonstances particuli\u00e8res pouvant entourer une grossesse. Ces circonstances peuvent poser des probl\u00e9matiques\/besoins sp\u00e9cifiques lors du choix de l&rsquo;issue de la grossesse ou lors de la prise en charge de celle-ci.<\/p>\n<p>Nous sommes conscients que certaines th\u00e9matiques manquent de ressources et d&rsquo;informations. Nous travaillons activement \u00e0 y rem\u00e9dier. <strong>Cette page est vou\u00e9e \u00e0 \u00e9voluer<\/strong> en fonction de nos recherches&#8230; ou de vos retours ! si vous avez connaissance d&rsquo;une ressource pertinente, n&rsquo;h\u00e9sitez pas \u00e0 nous en faire part pour que nous puissions l&rsquo;ajouter.<\/p>\n\t<h5><strong>Sommaire<\/strong><\/h5>\n\t<a href=\"#Sant\u00e9\"><strong>&#8211; Sant\u00e9 sexuelle et reproductive<\/strong> <\/a><br \/>\n<a href=\"#Pr\u00e9carit\u00e9\"><strong>&#8211; Gyn\u00e9co, grossesse et suites dans un contexte de pr\u00e9carit\u00e9\/pauvret\u00e9<\/strong><\/a><br \/>\n<a href=\"#Handicap\"><strong>&#8211; Gyn\u00e9co, grossesse et suites dans un contexte de handicap moteur\/sensoriel<\/strong><br \/>\n<\/a><a href=\"#Psy\"><strong>&#8211; Gyn\u00e9co, grossesse et suites dans un contexte de handicap psy\/cognitif<\/strong><\/a><br \/>\n<a href=\"#Toxiques\"><strong>&#8211; Gyn\u00e9co, grossesse et suites dans un contexte de consommation de toxiques<\/strong><\/a><br \/>\n<a href=\"#LGBT\"><strong>&#8211; Gyn\u00e9co, grossesse et suites dans un contexte LGBT<\/strong><\/a><br \/>\n<a href=\"#D\u00e9ni\"><strong>&#8211; Gyn\u00e9co, grossesse et suites dans un contexte de d\u00e9ni<\/strong><\/a><br \/>\n<a href=\"#Violences\"><strong>&#8211; Gyn\u00e9co, grossesse et suites dans un contexte de violences\/viol<\/strong><\/a>\n\t<h2 id=\"Sant\u00e9\"><strong>Sant\u00e9 sexuelle et reproductive<\/strong><\/h2>\n\t\t\t\t<img loading=\"lazy\" decoding=\"async\" src=\"https:\/\/grossesseimprevue.fr\/wp-content\/uploads\/2024\/11\/Sante-sexuzlle-300x200.jpg\" alt=\"[Image d'illustration] Du mat\u00e9riel de sant\u00e9 en vrac\" itemprop=\"image\" height=\"200\" width=\"300\" title=\"Sant\u00e9 sexuelle\" onerror=\"this.style.display='none'\"  \/>\n\t<h5><a href=\"https:\/\/www.planning-familial.org\/fr\">Le site du Planning Familial<\/a><\/h5>\n\t<p>Association f\u00e9ministe d&rsquo;\u00e9ducation populaire qui apporte accueil et orientation aux personnes ayant des questionnements \/ besoins relatifs \u00e0 la vie affective et sexuelle. Le Planning Familial peut selon les r\u00e9gions proposer des consultations gyn\u00e9cologiques et dans tous les cas soutenir un choix concernant une grossesse impr\u00e9vue, y compris en cas de souhait d&rsquo;IVG \u00e0 l&rsquo;\u00e9tranger.<\/p>\n\t<h5><a href=\"https:\/\/www.pourunemeuf.org\/quisommesnous\/\">Pour une MEUF<\/a><\/h5>\n\t<p>Association de soignantes engag\u00e9es dans la lutte contre le sexisme dans le soin et entre professionnels. Ces militantes s&rsquo;int\u00e9ressent \u00e9galement \u00e0 plusieurs autres formes d&rsquo;oppressions qui peuvent se cumuler avec le sexisme : racisme, validisme, LGBTphobies, grossophobie&#8230;<\/p>\n\t<h5><a href=\"https:\/\/ib.santebd.org\/recherche?filters=dGFncz13b21hbiZzcGVjaWFsdHk9NDI=\">Sant\u00e9 BD<\/a><\/h5>\n\t<p>Sant\u00e9 BD est le fruit du travail de l&rsquo;association Coactis Sant\u00e9. Vous y trouverez des BD sur la sant\u00e9 sexuelle (Rdv gyn\u00e9co, contraception, IST, etc) accessibles aux personnes ayant des troubles cognitifs ou mal \u00e0 l&rsquo;aise avec la langue fran\u00e7aise \u00ab\u00a0courante\u00a0\u00bb, mais \u00e9galement une banque d&rsquo;images pour cr\u00e9er vos propres outils de communication en sant\u00e9 gyn\u00e9cologique ou g\u00e9n\u00e9rale.<\/p>\n\t<h5><a href=\"https:\/\/gynandco.wordpress.com\/\">Le blog Gyn&amp;co<\/a><\/h5>\n\t<p>Blog cr\u00e9\u00e9 par et pour des usag\u00e8res et usagers de soins gyn\u00e9co, afin de pouvoir trouver des informations dans ce domaine et surtout, des soignants bienveillants et respectueux des particularit\u00e9s de chaque personne. Le collectif est n\u00e9 en r\u00e9action \u00e0 la difficult\u00e9 de trouver des prises en charge adapt\u00e9es et tout simplement respectueuses en gyn\u00e9cologie.<\/p>\n\t<h5><a href=\"https:\/\/www.xn--violences-obsttricales-gyncologiques-ogdm.org\/\">Institut de Recherche et d&rsquo;Action pour la Sant\u00e9 des Femmes (IRASF)\u00a0<\/a><\/h5>\n\t<p>Initialement groupe Facebook concernant les violences obst\u00e9tricales tr\u00e8s suivi et fourni en renseignements et t\u00e9moignages, un site s&rsquo;est constitu\u00e9 pour donner des ressources et un accompagnement aux personnes victimes de telles pratiques.<\/p>\n\t<h5><a href=\"http:\/\/etienneforin.fr\/\">Le site d&rsquo;Etienne Forin, sage-femme<\/a><\/h5>\n\t<p>Etienne Forin est un sage-femme lib\u00e9ral exer\u00e7ant sur Paris. Son site fournit des informations int\u00e9ressantes sur sa pratique de la gyn\u00e9cologie\/obst\u00e9trique.<\/p>\n<p>A titre personnel, nous avons pu constater que sa pratique est en accord avec l&rsquo;id\u00e9e que nous nous faisons d&rsquo;une prise en charge respectueuse et efficace.<\/p>\n\t<h5><a href=\"http:\/\/10lunes.canalblog.com\/\">Le blog de 10Lunes<\/a><\/h5>\n\t<p>10Lunes est sage-femme lib\u00e9rale. Ses articles parlent grossesse sous toutes ses formes. Parfois, elle donne son avis de femme et de professionnelle sur certains propos tenus dans les m\u00e9dias concernant sa sp\u00e9cialit\u00e9.<\/p>\n\t<h5><a href=\"https:\/\/ecoledessoignants.blogspot.com\/\">L&rsquo;\u00e9cole des soignants<\/a>\/\u00a0<a href=\"http:\/\/www.martinwinckler.com\/\">Winckler webzine<\/a><\/h5>\n\tMartin Winckler, Marc Zaffran de son vrai nom, est un m\u00e9decin et \u00e9crivain qui s&rsquo;est souvent pench\u00e9 sur la sant\u00e9 de la femme. Il donne des informations factuelles sur la m\u00e9decine, notamment gyn\u00e9cologique, et propose des r\u00e9flexions sur ce domaine.<br \/>\nIl ouvre aussi r\u00e9guli\u00e8rement ses portes \u00e0 d&rsquo;autres contenus que les siens.\n\t<h5><a href=\"http:\/\/marieaccouchela.net\/\">Le blog de Marie-H\u00e9l\u00e8ne Lahaye<\/a><\/h5>\n\t<p>Marie-H\u00e9l\u00e8ne Lahaye est une militante f\u00e9ministe et une femme politique qui \u00e9crit et informe sur les probl\u00e9matiques touchant \u00e0 la grossesse, aux violences obst\u00e9triques, \u00e0 la naissance et aux\u00a0droits des patientes. Elle est actuellement candidate au sein du parti \u00e9colo en Belgique et soumet plusieurs propositions autour\u00a0de ses sujets de pr\u00e9dilection.<\/p>\n\t<h5><a href=\"https:\/\/mashasexplique.fr\/\">Le site de Masha s&rsquo;explique<\/a><\/h5>\n\t<p>Ce site parle de sexualit\u00e9 au sens large, d&rsquo;\u00e9panouissement, mais aussi de quelques bases de sant\u00e9. Sa cr\u00e9atrice a \u00e9galement initi\u00e9 un hashtag, #monpostpartum, qui parle des difficult\u00e9s li\u00e9s \u00e0 ce sujet.<\/p>\n\t<h2 id=\"Pr\u00e9carit\u00e9\"><strong>Gyn\u00e9co, grossesse et suites<br \/>\ndans un contexte de pr\u00e9carit\u00e9\/pauvret\u00e9<\/strong><\/h2>\n\t\t\t\t<img loading=\"lazy\" decoding=\"async\" src=\"https:\/\/grossesseimprevue.fr\/wp-content\/uploads\/2024\/06\/Equilibre-300x199.jpg\" alt=\"[Image d'illustration] Personne en \u00e9quilibre sur une poutre\" itemprop=\"image\" height=\"199\" width=\"300\" title=\"Equilibre\" onerror=\"this.style.display='none'\"  \/>\n\t<h5><a href=\"https:\/\/aide-sociale.fr\/aides-femmes-enceintes\/\">Ressources pour les femmes enceintes pr\u00e9caires<br \/>\n(Aide-Sociale.fr)<\/a><\/h5>\n\t<p>Une page recensant les diff&eacute;rents dispositifs et aides accessibles pour les personnes enceintes et parents pr&eacute;caires. Le site dispose de simulateurs pour &eacute;valuer la possibilit&eacute; de recours aux solutions &eacute;voqu&eacute;es.<\/p>\n\t<h5><a href=\"https:\/\/solipam.fr\/\">Solidarit\u00e9 Paris Maman<br \/>\n(Solipam)<\/a><\/h5>\n\t<p>Site du r\u00e9seau SOLIPAM, qui regroupe les professionnels m\u00e9dicaux et sociaux d&rsquo;Ile de France confront\u00e9s aux risques sanitaires encourus par la m\u00e8re et l&rsquo;enfant en situation de grande pr\u00e9carit\u00e9.<\/p>\n\t<h5><a href=\"https:\/\/www.unpetitbagagedamour.org\/\">Un petit bagage d&rsquo;amour <\/a><\/h5>\n\t<p>Cette association francilienne vient en aide aux personnes enceintes en grande pr\u00e9carit\u00e9. Des antennes ont \u00e9merg\u00e9 dans d&rsquo;autres r\u00e9gions.<\/p>\n\t<h2 id=\"Handicap\"><strong>Gyn\u00e9co, grossesse et suites dans<br \/>\n<\/strong><strong>un contexte de handicap<\/strong><\/h2>\n\t\t\t\t<img loading=\"lazy\" decoding=\"async\" src=\"https:\/\/grossesseimprevue.fr\/wp-content\/uploads\/2024\/11\/Femme-bequilles-300x220.jpeg\" alt=\"[Image d'illustration] Une femme assise avec ses b\u00e9quilles\" itemprop=\"image\" height=\"220\" width=\"300\" title=\"Femme b\u00e9quilles\" onerror=\"this.style.display='none'\"  \/>\n\t<h5><a href=\"https:\/\/imm.fr\/nos-specialites\/maternite\/?print=print#:~:text=POUR%20LES%20PATIENTES%20EN%20SITUATION,handicap%20et%20ce%20depuis%202006.\">Consultation gyn\u00e9cologique et obst\u00e9trique de l&rsquo;Institut Montsouris<\/a><\/h5>\n\t<p>L&rsquo;institut Montsouris, situ\u00e9e \u00e0 Paris, est le seul \u00e9tablissement proposant une\u00a0consultation obst\u00e9trique d\u00e9di\u00e9e\u00a0aux personnes handicap\u00e9es enceintes.<\/p>\n\t<h5><a href=\"http:\/\/gynecologieobstetrique-psl.aphp.fr\/naitre-a-lhopital-pitie-salpetriere\/\">La maternit\u00e9 de la Piti\u00e9-salp\u00eatri\u00e8re<\/a><\/h5>\n\t<p>Le service de gyn\u00e9cologie obst\u00e9trique de la Piti\u00e9 Salp\u00eatri\u00e8re a d\u00e9velopp\u00e9 un accueil sp\u00e9cifique et un parcours de soins adapt\u00e9 aux personnes vivant en situation de handicap moteur ou sensoriel.<\/p>\n\t<h5><a href=\"http:\/\/www.centre-papillon.fr\/\">Grandir ensemble<\/a><\/h5>\n\t<p>L&rsquo;association Grandir ensemble avait cr&eacute;&eacute; une excellente structure d&eacute;di&eacute;e &agrave; l&rsquo;accompagnement des parents handicap&eacute;s sur Bordeaux, le Centre Papillon. Malheureusement l&rsquo;accueil et le soutien physique ont d&ucirc; cesser suite au COVID mais l&rsquo;association reste joignable en cas de questionnements.<\/p>\n\t<h5><a href=\"https:\/\/blog.handiparentalite.org\/\">Handi Parentalit\u00e9<\/a><\/h5>\n\t<p>Association de soutien aux parents handicap\u00e9s, avec des parents concern\u00e9s r\u00e9f\u00e9rents dans plusieurs r\u00e9gions.<\/p>\n\t<h5><a href=\"https:\/\/handicap.paris.fr\/le-sapph-un-dispositif-parisien-unique-en-france\/\">SAPPH<\/a><\/h5>\n\t<p>Service de guidance parentale implant\u00e9 sur Paris, le SAPPH aide \u00e0 la grossesse et \u00e0 la parentalit\u00e9 les personnes enceintes handicap\u00e9es<\/p>\n\t<h5><a href=\"https:\/\/clhee.org\/qui-sommes-nous\/\">Le CLHEE<\/a><\/h5>\n\t<p>Le Collectif Lutte et Handicap pour l&rsquo;Egalit\u00e9 et l&rsquo;\u00e9mancipation est une association particuli\u00e8rement active, regroupant des militants et activistes directement concern\u00e9s par le handicap sous toutes ses formes, qui milite pour l&rsquo;autonomie et contre l&rsquo;institutionnalisation des personnes handicap\u00e9es.<\/p>\n\t<h5><a href=\"http:\/\/lesdevalideuses.org\/\">Les D\u00e9valideuses<\/a><\/h5>\n\t<p>Collectif handi f\u00e9ministe, g\u00e9r\u00e9 par des femmes ou assign\u00e9es femmes handicap\u00e9es, qui se positionne sur diff\u00e9rents sujets de soci\u00e9t\u00e9. La cr\u00e9atrice du site a particip\u00e9 modestement \u00e0 son d\u00e9marrage !<\/p>\n\t<h2 id=\"Psy\"><strong>Gyn\u00e9co, grossesse et suites<br \/>\ndans un contexte de <\/strong><strong>handicap psy\/cognitif<\/strong><\/h2>\n\t\t\t\t<img loading=\"lazy\" decoding=\"async\" src=\"https:\/\/grossesseimprevue.fr\/wp-content\/uploads\/2024\/11\/Cerveau_1732020051-300x200.jpg\" alt=\"[Image d'illustration] Un cerveau et ses connexions visibles \u00e0 travers un cr\u00e2ne transparent.\" itemprop=\"image\" height=\"200\" width=\"300\" title=\"Cerveau_1732020051\" onerror=\"this.style.display='none'\"  \/>\n\t<h5><a href=\"https:\/\/www.cairn.info\/revue-le-journal-des-psychologues-2008-8-page-22.htm\">Les unit\u00e9s d&rsquo;hospitalisation m\u00e8re-enfant\u00a0<\/a><\/h5>\n\t<p>Ces unit\u00e9s accueillent en hospitalisation des personnes en fragilit\u00e9 psychique qui ont accouch\u00e9 r\u00e9cemment et leur b\u00e9b\u00e9, afin de les accompagner dans la cr\u00e9ation du lien parent-enfant ou dans les d\u00e9buts de la parentalit\u00e9.<\/p>\n\t<h5><a href=\"https:\/\/rsva.fr\/les-outils-du-rsva-en-telechargement\/parentalite\/etre-parent-en-situation-de-souffrance-psychique\/\">Etre parent avec un handicap psychique, le guide\u00a0<\/a><\/h5>\n\t<p>Un guide \u00e9dit\u00e9 par le R\u00e9seau de Services pour une Vie Autonome \u00e0 l&rsquo;adresse des personnes ayant un handicap psychique et souhaitant mener un projet de parentalit\u00e9.<\/p>\n\t<h5><a href=\"https:\/\/www.youtube.com\/channel\/UCREQUCvi8eBCuamHuwiH9eA\">La cha\u00eene d&rsquo;Alistair\/H Paradoxae<\/a><\/h5>\n\t<p>Cha&icirc;ne Youtube d&rsquo;un vulgarisateur sur le handicap, l&rsquo;autisme et la transidentit&eacute;.<\/p>\n\t<h2 id=\"Toxiques\"><strong> Gyn\u00e9co, grossesse et suites<br \/>\n<\/strong><strong>dans un contexte de consommation de toxiques<\/strong><\/h2>\n\t\t\t\t<img loading=\"lazy\" decoding=\"async\" src=\"https:\/\/grossesseimprevue.fr\/wp-content\/uploads\/2024\/12\/cigarette_1733144838-300x190.jpg\" alt=\"[Image d'illustration]Une cigarette qui se consume\" itemprop=\"image\" height=\"190\" width=\"300\" title=\"cigarette_1733144838\" onerror=\"this.style.display='none'\"  \/>\n\t<h5><a href=\"http:\/\/xn--rseau34addictologie-bzb.fr\/wp-content\/uploads\/2016\/04\/P%C3%A9rinatalit%C3%A9-coca%C3%AFne-ampth%C3%A9tamines-et-drogues-de-synth%C3%A8se.pdf\"> R\u00e9f\u00e9rentiels p\u00e9rinatalit\u00e9 et addictions drogues de synth\u00e8se\/coca\u00efne<br \/>\nR\u00e9seau 34 Addictologie<\/a><\/h5>\n\t<p>Ressource\/r\u00e9f\u00e9rentiel concernant les addictions aux drogues de synth\u00e8se lors de la grossesse\/parentalit\u00e9, r\u00e9dig\u00e9 par le r\u00e9seau 34 Addictologie en collaboration avec le r\u00e9seau de p\u00e9rinatalit\u00e9 de l&rsquo;Occitanie.<\/p>\n\t<h5><a href=\"https:\/\/www.asso-gega.org\/grossesses-et-addictions.htm\">Groupe d&rsquo;Etude Grossesse et Addiction <\/a><\/h5>\n\t<p>Le site du GEGA, un groupe pluriprofessionnel de r\u00e9flexion, de partage d&rsquo;exp\u00e9rience et de recherche autour de la prise en charge des femmes enceintes consommant des substances psychoactives, et de leurs enfants.<\/p>\n\t<h2 id=\"LGBT\"><strong> Gyn\u00e9co, grossesse, et suites<br \/>\ndans un contexte LGBT<\/strong><\/h2>\n\t<h5 id=\"ICM\"><a href=\"https:\/\/internationalmidwives.org\/fr\/la-sante-sexuelle-et-reproductive-des-personnes-transgenres-un-mythe-a-briser-par-les-sages-femmes\/#:~:text=Mythe%20%3A%20les%20hommes%20trans%20ne,donner%20naissance%20%C3%A0%20un%20enfant.\">La sant&eacute; sexuelle et reproductive des personnes trans,<br \/>Conf&eacute;d&eacute;ration Internationale des Sages-femmes<\/a><\/h5>\n\t<p>Cette page du site de la Conf\u00e9d\u00e9ration Internationale des Sages-femmes reprend, pour y apporter des r\u00e9ponses, plusieurs mythes et questionnements \u00e0 propos de la sant\u00e9 sexuelle et reproductive des personnes trans.<\/p>\n\t<h5 id=\"ADPH\"><a href=\"https:\/\/adfh.net\/\">L&rsquo;ADFH <\/a><\/h5>\n\t<p>Site d&rsquo;information sur l&rsquo;homoparentalit\u00e9, la PMA, la GPA, la coparentalit\u00e9, etc.<\/p>\n\t<h5><a href=\"https:\/\/wikitrans.co\/\">Wiki Trans<\/a><\/h5>\n\t<p>Site de ressources pour les personnes trans en questionnement ou en transition, leurs proches et leurs alli\u00e9s.<\/p>\n\t<h2 id=\"D\u00e9ni\"><strong>Gyn\u00e9co, grossesse et suites<br \/>\n<\/strong><strong>dans un contexte de d\u00e9ni\u00a0<\/strong><\/h2>\n\t\t\t\t<img loading=\"lazy\" decoding=\"async\" src=\"https:\/\/grossesseimprevue.fr\/wp-content\/uploads\/2024\/06\/Surprise-300x200.jpeg\" alt=\"[Image d'illustration] Une femme tr\u00e8s surprise\" itemprop=\"image\" height=\"200\" width=\"300\" title=\"Surprise\" onerror=\"this.style.display='none'\"  \/>\n\t<h5><a href=\"https:\/\/dumas.ccsd.cnrs.fr\/dumas-01394055\/document\/\">M\u00e9moire d&rsquo;Ang\u00e9lique Loudenot sur la prise en charge<br \/>\ndes patientes en d\u00e9ni de grossesse<\/a><\/h5>\n\t<p>Ce m\u00e9moire a \u00e9t\u00e9 soutenu en 2016 par Ang\u00e9lique Loudenot \u00e0 l&rsquo;\u00e9cole des sages-femmes Saint-Antoine, \u00e0 Paris.<\/p>\n\t<h2 id=\"Violences\"><strong>Gyn\u00e9co, grossesse et suites<br \/>\ndans un contexte de violences\/viol<\/strong><\/h2>\n\t\t\t\t<img loading=\"lazy\" decoding=\"async\" src=\"https:\/\/grossesseimprevue.fr\/wp-content\/uploads\/2024\/12\/Violence_1733145730-300x200.jpg\" alt=\"[Image d'illustration] Une personne dans l'ombre a un geste de d\u00e9fense\" itemprop=\"image\" height=\"200\" width=\"300\" title=\"Violence_1733145730\" onerror=\"this.style.display='none'\"  \/>\n\t<h5><a href=\"https:\/\/www.service-public.fr\/particuliers\/actualites\/A13048\">Violence femmes info<\/a><\/h5>\n\t<p>Outre le num\u00e9ro d&rsquo;appel 3919 (gratuit et anonyme) qui propose une \u00e9coute, une information et une orientation des vctimes de violences des victimes de violences, la page de service-public.fr permet \u00e9galement d&rsquo;acc\u00e9der \u00e0 une interface de chat en ligne avec un membre des forces de l&rsquo;odre, pour d\u00e9noncer un viol ou une agression.<\/p>\n\t<h5><a href=\"https:\/\/www.centre-hubertine-auclert.fr\/\">\u00a0Le centre\u00a0Hubertine Auclert<\/a><\/h5>\n\t<p>Site regroupant diff\u00e9rentes ressources sur l&rsquo;\u00e9galit\u00e9 hommes-femmes et les violences conjugales<\/p>\n\t<h5><a href=\"https:\/\/www.lamaisondesfemmes.fr\/aide\">La Maison des femmes<\/a><\/h5>\n\t<p>La maison des femmes propose un lieu d&rsquo;\u00e9coute, d&rsquo;orientation et de consultation pour les femmes victimes de violences de toutes sortes. Maintenant, un tel lieu existe dans plusieurs d\u00e9partements.<\/p>\n\t<h5><a href=\"https:\/\/violencesantefemme.fr\/\">Plateforme Violence Sant\u00e9 Femme<\/a><\/h5>\n\t<p>Plateforme d&rsquo;information et de ressources pour les femmes victimes de violences et les professionnels de sant\u00e9 ou du social. Leur site propose notamment un annuaire r\u00e9pertoriant l&rsquo;ensemble des professionnels de diff\u00e9rents domaines (justice, sant\u00e9, social&#8230;) sensibilis\u00e9s et\/ou form\u00e9s, int\u00e9grant dans leur pratique la prise en charge des femmes victimes de violences.<\/p>\n\t<h5><a href=\"https:\/\/cfcv.asso.fr\/\">Le Collectif F\u00e9ministe Contre le Viol<\/a><\/h5>\n\t<p>Ce collectif propose une \u00e9coute anonyme et oriente les victimes de viol et d&rsquo;agressions sexuelles. Il a une permanence t\u00e9l\u00e9phonique tous les jours de 10h \u00e0 19h\u00a0 sur un num\u00e9ro vert, le 0800 05 95 95<\/p>\n\t<h5><a href=\"https:\/\/www.nantescitadelles.fr\/presentation\/\">Citad&rsquo;Elles<\/a><\/h5>\n\t<p>Cited&rsquo;Elles est une structure d&rsquo;accueil et de soutien bas\u00e9e \u00e0 Nantes pour les femmes victimes de violences, avec ou sans enfants.\u00a0 Ouverte H24 et 7\/7, elle est situ\u00e9e dans un lieu s\u00e9curis\u00e9.<\/p>\n\t<h5><a href=\"https:\/\/reseauiml.wordpress.com\/\">L&rsquo;Institut International des M\u00e8res en Lutte<\/a><\/h5>\n\t<p>Site pr\u00e9sentant des articles et des ressources sur les violences conjugales et post-s\u00e9paration.<\/p>\n\t<h5><a href=\"https:\/\/www.uniesverselles-grenoble.fr\/\">Unies Vers elles<\/a><\/h5>\n\t<p>L&rsquo;association Uni(e-s)verselles est l&rsquo;association is&eacute;roise d&rsquo;accompagnement par le soin des femmes vivant ou ayant v&eacute;cu des violences. Elle est en lien avec le centre hospitalier de Grenoble et la Maison des femmes du d&eacute;partement.<\/p>\n\n","protected":false},"excerpt":{"rendered":"<p>Ressources non institutionnelles autour de la grossesse et des circonstances particuli\u00e8res Sur cette page, nous avons rassembl\u00e9 plusieurs ressources, documentations et outils non institutionnels concernant diff\u00e9rentes circonstances particuli\u00e8res pouvant entourer une grossesse. Ces circonstances peuvent poser des probl\u00e9matiques\/besoins sp\u00e9cifiques lors<\/p>\n","protected":false},"author":1,"featured_media":0,"parent":0,"menu_order":0,"comment_status":"closed","ping_status":"closed","template":"","meta":{"footnotes":""},"class_list":["post-2385","page","type-page","status-publish","hentry"],"_links":{"self":[{"href":"https:\/\/grossesseimprevue.fr\/index.php\/wp-json\/wp\/v2\/pages\/2385","targetHints":{"allow":["GET"]}}],"collection":[{"href":"https:\/\/grossesseimprevue.fr\/index.php\/wp-json\/wp\/v2\/pages"}],"about":[{"href":"https:\/\/grossesseimprevue.fr\/index.php\/wp-json\/wp\/v2\/types\/page"}],"author":[{"embeddable":true,"href":"https:\/\/grossesseimprevue.fr\/index.php\/wp-json\/wp\/v2\/users\/1"}],"replies":[{"embeddable":true,"href":"https:\/\/grossesseimprevue.fr\/index.php\/wp-json\/wp\/v2\/comments?post=2385"}],"version-history":[{"count":33,"href":"https:\/\/grossesseimprevue.fr\/index.php\/wp-json\/wp\/v2\/pages\/2385\/revisions"}],"predecessor-version":[{"id":2473,"href":"https:\/\/grossesseimprevue.fr\/index.php\/wp-json\/wp\/v2\/pages\/2385\/revisions\/2473"}],"wp:attachment":[{"href":"https:\/\/grossesseimprevue.fr\/index.php\/wp-json\/wp\/v2\/media?parent=2385"}],"curies":[{"name":"wp","href":"https:\/\/api.w.org\/{rel}","templated":true}]}}