{"id":2651,"date":"2025-10-14T18:30:05","date_gmt":"2025-10-14T16:30:05","guid":{"rendered":"https:\/\/grossesseimprevue.fr\/?page_id=2651"},"modified":"2025-10-14T19:57:57","modified_gmt":"2025-10-14T17:57:57","slug":"devenir-parent","status":"publish","type":"page","link":"https:\/\/grossesseimprevue.fr\/index.php\/devenir-parent\/","title":{"rendered":"Devenir parent"},"content":{"rendered":"\n\n\t<h1><strong>J&rsquo;envisage de poursuivre ma grossesse et de devenir parent<\/strong><\/h1>\n\t<p>Quelles que soient les circonstances de votre grossesse, vous avez la possibilit\u00e9 de garder l&rsquo;enfant n\u00e9 et de devenir parent. Vous seule pouvez d\u00e9cider si c&rsquo;est la meilleure solution dans votre situation personnelle. \u00c0 l&rsquo;inverse, personne n&rsquo;a le droit de vous imposer ce choix contre votre volont\u00e9.<\/p>\n\t<h5><strong>Sommaire\u00a0<\/strong><\/h5>\n\t<p><a href=\"#engagement\"><strong>&#8211; Une d\u00e9cision qui vous engage \u00e0 vie<\/strong><\/a><\/p>\n<p><a href=\"#materiel\"><strong>&#8211; Les questions qu&rsquo;il faut vous poser au niveau mat\u00e9riel<\/strong><\/a><\/p>\n<p><a href=\"#moment\">&#8211; <strong>Le moment venu<\/strong><\/a><\/p>\n<p><a href=\"#craquage\"><strong>&#8211; Craquages, baby blues, questions, vers qui se tourner ?<\/strong><\/a><\/p>\n<p><a href=\"#complications\"><strong>&#8211; Des complications possibles lors de vos d\u00e9marches<\/strong><\/a><\/p>\n\t<h2 id=\"engagement\"><strong>Une d\u00e9cision qui vous engage \u00e0 vie<\/strong><\/h2>\n\t\t\t\t<img decoding=\"async\" src=\"https:\/\/grossesseimprevue.fr\/wp-content\/uploads\/2019\/11\/Famille_vieille_1574104645-300x231.jpg\" alt=\"[Image d'illustration] Une main de personne \u00e2g\u00e9e tient celle d'une personne visiblement bien plus jeune\" itemprop=\"image\" height=\"231\" width=\"300\" title=\"Famille, Vieille\" onerror=\"this.style.display='none'\" loading=\"lazy\" \/>\n\t<p><strong>Devenir parent du b\u00e9b\u00e9 auquel vous avez donn\u00e9 naissance est le seul choix o\u00f9 la soci\u00e9t\u00e9 peut vous demander des garanties.<\/strong> Elle s&rsquo;appuiera alors sur les professionnels de la sant\u00e9 et\/ou du social, voire parfois sur la justice, pour s&rsquo;assurer que l&rsquo;enfant est en s\u00e9curit\u00e9 avec vous et vous \u00e9pauler dans votre r\u00f4le parental.<\/p>\n<p>Mais rassurez-vous, la parentalit\u00e9 peut tout \u00e0 fait \u00eatre une voie pleine de joie et de satisfaction. Vous d\u00e9velopperez sans doutes de nombreuses comp\u00e9tences que vous ne soup\u00e7onniez m\u00eame pas !\u00a0<\/p>\n<p>Et la r\u00e8gle d&rsquo;or s&rsquo;applique encore et toujours : vous \u00eates celle qui conna\u00eet le mieux votre situation, faites-vous confiance !<\/p>\n<p>Si vous vous sentez pr\u00eate, cette page pourra vous \u00eatre utile. Vous y trouverez quelques \u00e9l\u00e9ments pour vous permettre d&rsquo;explorer toutes les questions \u00e0 se poser quand on devient parent. <\/p>\n\t<h3 id=\"comptes\">L&rsquo;enfant, un \u00eatre totalement vuln\u00e9rable<\/h3>\n\t<p>L&rsquo;avenir et la sant\u00e9 d&rsquo;un b\u00e9b\u00e9 sont li\u00e9s \u00e0 votre capacit\u00e9 \u00e0 lui donner des soins adapt\u00e9s. <strong>Un nourrisson est compl\u00e8tement d\u00e9pendant des adultes pour satisfaire tous ses besoins.<\/strong><\/p>\n Vous devrez donc lui fournir :<br \/>\n\n<p>&#8211; Un environnement s\u00e9curisant et sain\u00a0<\/p>\n&#8211; Une stabilit\u00e9 affective<br \/>\n\n<p>&#8211; Une stabilit\u00e9 mat\u00e9rielle minimale<\/p>\n<p>Selon votre situation, il vous faudra d\u00e9velopper plus ou moins de ressources et de comp\u00e9tences pour accueillir un nourrisson. Un b\u00e9b\u00e9 est certes tout petit, mais s&rsquo;en occuper r\u00e9clame beaucoup de temps et d&rsquo;\u00e9nergie. Mais gardez en t\u00eate que vous avez le droit de vous faciliter la vie et de solliciter toutes les aides disponibles.<\/p>\n\t<h2 id=\"materiel\"><strong>Les questions qu&rsquo;il faut vous poser au niveau mat\u00e9riel<\/strong><\/h2>\n\t\t\t\t<img decoding=\"async\" src=\"https:\/\/grossesseimprevue.fr\/wp-content\/uploads\/2019\/11\/nest_1574364732-300x200.jpg\" alt=\"[Image d'illustration] Un nid contenant un oeuf est pos\u00e9 au milieu de fleurs des champs\" itemprop=\"image\" height=\"200\" width=\"300\" title=\"Nest\" onerror=\"this.style.display='none'\" loading=\"lazy\" \/>\n\t<p>Pour accueillir un b\u00e9b\u00e9 sereinement, il vaut mieux r\u00e9unir quelques conditions de base sans lesquelles vous et l&rsquo;enfant serez extr\u00eamement fragilis\u00e9s, voire en danger. Vous n&rsquo;\u00eates pas seule pour organiser tout \u00e7a : des aides et des soutiens existent pour cr\u00e9er un environnement ad\u00e9quat !<\/p>\n\t<h3 id=\"logement\">Un logement adapt\u00e9<\/h3>\n\t<p>Vous devez avoir ou trouver en priorit\u00e9 une possibilit\u00e9 de logement sain et stable. Id\u00e9alement, celui-ci doit \u00eatre assez spacieux et am\u00e9nag\u00e9 pour pouvoir prendre soin facilement du b\u00e9b\u00e9 tout en pr\u00e9servant votre intimit\u00e9. Mais on peut tr\u00e8s bien se d\u00e9brouiller avec une petite surface. <\/p>\n<p><strong>Ce qui n&rsquo;est pas n\u00e9gociable, c&rsquo;est la salubrit\u00e9 et une hygi\u00e8ne minimale<\/strong>. Un b\u00e9b\u00e9 construit ses d\u00e9fenses immunitaires, sa sant\u00e9 est donc plus fragile que celle d&rsquo;un adulte. Pas du tout accessoirement, l&rsquo;insalubrit\u00e9 et une hygi\u00e8ne insuffisantes vous mettraient vous-m\u00eame en danger.\u00a0<\/p>\n<p>Si vous \u00eates seule et cherchez un h\u00e9bergement d&rsquo;urgence, <strong>chaque d\u00e9partement est tenu de g\u00e9rer des structures d&rsquo;accueil m\u00e8res-enfants pour femmes enceintes et jeunes m\u00e8res pr\u00e9caris\u00e9es<\/strong> (source\u00a0<a href=\"https:\/\/annuaire.action-sociale.org\/etablissements\/protection-de-l-enfance\/etablissement-d-accueil-mere-enfant-166.html\"><strong>ICI<\/strong><\/a>). En plus de l&rsquo;h\u00e9bergement en foyers ou appartements, vous pourrez y obtenir une aide pour trouver un emploi. Au maximum, cet accueil sera de 3 ans, par tranches de 6 mois renouvelables. Des centres maternels priv\u00e9s existent \u00e9galement dans diff\u00e9rentes r\u00e9gions.<\/p>\n<p>Vous pouvez \u00e9galement, pour une solution plus p\u00e9renne, demander un logement HLM, que vous soyez parent isol\u00e9 ou non. Cela aurait l&rsquo;autre avantage important de permettre un emm\u00e9nagement avec votre partenaire de vie s&rsquo;il existe.<\/p>\n<p>Malheureusement, les d\u00e9lais d&rsquo;instruction sont parfois tr\u00e8s longs. <strong>Attention, \u00eatre enceinte n&rsquo;est pas un crit\u00e8re officiel de priorit\u00e9 pour un dossier HLM<\/strong>\u00a0(source <a href=\"https:\/\/www.service-public.fr\/particuliers\/vosdroits\/F869\"><strong>ICI<\/strong><\/a>). N\u00e9anmoins, l&rsquo;appui d&rsquo;une bonne assistante sociale peut faire avancer les choses.<\/p>\n\t<h3 id=\"consentement\">Du mat\u00e9riel de pu\u00e9riculture\/des v\u00eatements et consommables pour b\u00e9b\u00e9<\/h3>\n\tVous devrez aussi avoir un peu de mat\u00e9riel de pu\u00e9riculture et un mobilier adapt\u00e9 au mieux \u00e0 la situation. Il vous faudra aussi certains consommables comme :<br \/>\n\n&#8211; Des couches (lavables ou jetables, franchement faites comme vous en avez la possibilit\u00e9)<br \/>\n\n&#8211; Du lait maternis\u00e9 si vous ne pouvez ou ne souhaitez pas allaiter<br \/>\n\n<p>&#8211; De l&rsquo;eau adapt\u00e9e aux nourrissons<\/p>\n<p><strong>Concernant le mat\u00e9riel de pu\u00e9riculture, vous n&rsquo;avez absolument pas besoin des derniers gadgets \u00e0 la mode. <\/strong>La r\u00e9cup fait tr\u00e8s bien l&rsquo;affaire et on peut tr\u00e8s bien s&rsquo;en sortir avec peu de choses. Les crit\u00e8res prioritaires sont\u00a0<\/p>\n<p>&#8211; La facilit\u00e9 d&rsquo;utilisation pour vous <\/p>\n<p>&#8211; La s\u00e9curit\u00e9 du b\u00e9b\u00e9<\/p>\n<p>Des associations peuvent vous aider si vous ne disposez pas du n\u00e9cessaire et n&rsquo;avez pas les moyens de vous le procurer. Certaines maternit\u00e9s peuvent \u00e9galement vous d\u00e9panner. Quelques sites comme <a href=\"https:\/\/donnons.org\/\"><strong>donnons.org<\/strong><\/a> proposent \u00e9galement une rubrique <a href=\"https:\/\/donnons.org\/Puericulture\"><strong>pu\u00e9riculture<\/strong>.<\/a><\/p>\n<p>\u00c9voquer votre situation aupr\u00e8s de la PMI peut d\u00e9bloquer des solutions d&rsquo;appoint. Mais si vous avez peur de mettre le doigt dans l&rsquo;engrenage des institutions, il reste la possibilit\u00e9 de parcourir les forums et applications d\u00e9di\u00e9s aux femmes enceintes et aux jeunes parents, qui peuvent d\u00e9ployer de v\u00e9ritables cha\u00eenes de solidarit\u00e9.<\/p>\n<p>Enfin, n&rsquo;h\u00e9sitez pas \u00e0 solliciter des proches, voire des connaissances fiables. Il n&rsquo;y a rien de honteux dans cette demande. Au contraire, elle prouve que vous avez \u00e0 coeur de bien vous occuper de votre enfant !<\/p>\n\t<h3 id=\"revenu\">Un revenu minimal<\/h3>\n\t<p>L&rsquo;argent, \u00e7a reste encore et toujours le nerf de la guerre ! <strong>Il vous faudra un revenu au minimum suffisant pour pouvoir assurer vos besoins et ceux du b\u00e9b\u00e9.<\/strong> On ne dirait pas forc\u00e9ment \u00e0 premi\u00e8re vue, mais il y a beaucoup \u00e0 d\u00e9penser pour un si petit \u00eatre, m\u00eame en restreignant au maximum. Et plus on veut de simplicit\u00e9 et de confort, plus la facture augmente. Or, quand on est jeune parent, la facilit\u00e9 et le confort comptent pas mal !<\/p>\nVous pouvez r\u00e9clamer certaines aides de l&rsquo;\u00c9tat, selon votre situation personnelle. D\u00e9j\u00e0,vous pourrez percevoir la PAJE (prestation d&rsquo;accueil du jeune enfant) d\u00e8s le mois suivant la naissance jusqu&rsquo;aux trois ans de l&rsquo;enfant (source <a href=\"https:\/\/www.service-public.fr\/particuliers\/vosdroits\/F2552\"><strong>ICI<\/strong><\/a>). Cette allocation est cumulable, selon conditions, avec d&rsquo;autres. <strong>Si vos ressources sont vraiment faibles, <\/strong>vous pouvez faire une demande de RSA (Revenu de Solidarit\u00e9 Active) aupr\u00e8s de la CAF (Caisse d&rsquo;Allocations Familiales), voire une demande d&rsquo;allocation mensuelle aupr\u00e8s de l&rsquo;ASE (Aide Sociale \u00e0 l&rsquo;Enfance) de votre d\u00e9partement.<br \/>\n\n<p>Un assistant social saura vous aider \u00e0 faire le point sur vos droits et \u00e0 faire les d\u00e9marches appropri\u00e9es, voire \u00e0 relancer les diff\u00e9rentes organismes payeurs pour vous. Ces professionnels sont disponibles<\/p>\n<p>&#8211; A la maternit\u00e9<\/p>\n<p>&#8211; Dans les CCAS (Centres Communaux d&rsquo;Action Sociale) de votre secteur<\/p>\n<p>&#8211; Au Conseil D\u00e9partemental<\/p>\n<p>&#8211; A la CAF et \u00e0 la CPAM (Caisse Primaire d&rsquo;Assurance Maladie)<\/p>\n<p>N&rsquo;h\u00e9sitez pas \u00e0 consulter nos <a href=\"https:\/\/grossesseimprevue.fr\/index.php\/ressources-et-liens\/\"><strong>pages de ressource<\/strong>s<\/a> pour trouver d&rsquo;autres soutiens financiers envisageables !<\/p>\n\t<h3 id=\"soins\">Un acc\u00e8s facile aux soins<\/h3>\n\t<p>Un b\u00e9b\u00e9 est assez fragile face \u00e0 la maladie et forge ses d\u00e9fenses au fil du temps. <strong>En cas de fi\u00e8vre ou de sympt\u00f4mes un peu alarmants, pouvoir solliciter rapidement l&rsquo;avis d&rsquo;un professionnel de sant\u00e9 est primordial. <\/strong><\/p>\nUn suivi de la courbe de poids et d&rsquo;autres param\u00e8tres de croissance du b\u00e9b\u00e9 peut \u00eatre indispensable. Certaines vaccinations sont \u00e9galement obligatoires pour toute sociabilisation du b\u00e9b\u00e9 (source <a href=\"https:\/\/www.ameli.fr\/assure\/sante\/themes\/vaccination\/vaccins-obligatoires\"><strong>ICI<\/strong><\/a>). M\u00eame si cela vous d\u00e9pla\u00eet ou que vous vous posez des questions, ne vous mettez pas hors-la-loi.\u00a0<br \/>\n\n<p><strong>La PMI sera un bon interlocuteur concernant votre sant\u00e9 et celle de l&rsquo;enfant.<\/strong> Des consultations m\u00e9dicales gratuites y sont propos\u00e9es. Vous pouvez \u00e9galement y recevoir des conseils de pu\u00e9riculture et d&rsquo;hygi\u00e8ne pour vous aider si vous vous sentez perdue.\u00a0<\/p>\n<p>Votre m\u00e9decin traitant est \u00e9videmment l&rsquo;autre recours de base, puisqu&rsquo;il a votre dossier m\u00e9dical et peut faire le lien avec plusieurs sp\u00e9cialistes si n\u00e9cessaire.<\/p>\n<p>Une sage-femme pourra vous aider, tant pour g\u00e9rer l&rsquo;apr\u00e8s accouchement que pour vous donner des conseils sur l&rsquo;allaitement, si vous avez choisi de donner le sein, ou sur les soins au b\u00e9b\u00e9.<\/p>\n<p>\u00a0Dans les cas d&rsquo;urgence, vous pouvez appeler le SAMU au 15, qui pourra vous conseiller ou vous envoyer aux urgences p\u00e9diatriques les plus proches si n\u00e9cessaire. En cas de besoin, ils vous transporteront avec l&rsquo;enfant.<\/p>\n\t<h2 id=\"moment\"><strong>Le moment venu<\/strong><\/h2>\n\t\t\t\t<img decoding=\"async\" src=\"https:\/\/grossesseimprevue.fr\/wp-content\/uploads\/2020\/04\/maternit\u00e9_1585931582-300x200.jpg\" alt=\"[Image d'illustration] Un ventre de personne enceinte avec des chaussons de b\u00e9b\u00e9 dessus\" itemprop=\"image\" height=\"200\" width=\"300\" title=\"Maternit\u00e9\" onerror=\"this.style.display='none'\" loading=\"lazy\" \/>\n\t<p>L&rsquo;accouchement est la derni\u00e8re \u00e9tape de votre grossesse. Vous avez peut-\u00eatre des questions sur ce passage oblig\u00e9 parfois d\u00e9crit de mani\u00e8re effrayante. Sachez qu&rsquo;il existe diff\u00e9rentes modalit\u00e9s d&rsquo;accouchement. Si le sujet vous int\u00e9resse, nous aurons bient\u00f4t une page d\u00e9di\u00e9e. Mais sachez en tout cas que vous pouvez discuter de vos souhaits avec les soignants qui suivent votre grossesse.<\/p>\n<p>Au niveau administratif, vous devrez d\u00e9clarer l&rsquo;enfant dans les cinq jours apr\u00e8s sa naissance (source <a href=\"https:\/\/www.service-public.fr\/particuliers\/vosdroits\/F961\">ICI<\/a>).<\/p>\n<p>Si le second g\u00e9niteur souhaite devenir p\u00e8re \u00e9galement et que vous n&rsquo;\u00eates pas mari\u00e9s ensemble, il peut reconna\u00eetre l&rsquo;enfant.<\/p>\n<p>&#8211; Pendant votre grossesse, c&rsquo;est la reconnaissance anticip\u00e9e.<\/p>\n<p>&#8211; Lors de la d\u00e9claration de naissance du b\u00e9b\u00e9 (source\u00a0<a href=\"https:\/\/www.service-public.fr\/particuliers\/vosdroits\/F887\">ICI<\/a>).<\/p>\n<p>Si vous \u00eates mari\u00e9s, la loi pr\u00e9sume automatiquement qu&rsquo;il est le p\u00e8re de l&rsquo;enfant.<\/p>\n\t<h2 id=\"craquage\"><strong>Craquages, baby blues, questions,<br \/>\n<\/strong><strong>vers qui se tourner ?<\/strong><\/h2>\n\t\t\t\t<img decoding=\"async\" src=\"https:\/\/grossesseimprevue.fr\/wp-content\/uploads\/2020\/04\/Desespoir_1586012030-300x200.jpg\" alt=\"[Image d'illustration] Une femme d\u00e9sesp\u00e9r\u00e9e dans le noir. Des mains la r\u00e9confortent\" itemprop=\"image\" height=\"200\" width=\"300\" title=\"Desespoir\" onerror=\"this.style.display='none'\" loading=\"lazy\" \/>\n\t<p>Nous l&rsquo;avons dit, un b\u00e9b\u00e9 c&rsquo;est \u00e9puisant. Il crie, il pleure, il demande de l&rsquo;attention&#8230; Bref, que vous soyez parent seule ou en couple, il pourra vous arriver de craquer. Et c&rsquo;est normal ! Vous restez un \u00eatre humain. En plus, vous serez probablement \u00e9puis\u00e9e par la grossesse et l&rsquo;accouchement, ou d&rsquo;autres \u00e9l\u00e9ments de votre environnement. Vous n&rsquo;avez pas \u00e0 culpabiliser.<\/p>\n<p><strong>Par contre, vous devrez trouver de l&rsquo;aide pour ces moments de grande vuln\u00e9rabilit\u00e9. D\u00e9j\u00e0 pour vous, parce que votre sant\u00e9 physique et psychique est importante. Mais aussi pour l&rsquo;enfant qui ne pourra pas s&rsquo;occuper de lui tout seul.<\/strong><\/p>\n<p>Si vous vous sentez d\u00e9bord\u00e9e, pas d&rsquo;inqui\u00e9tude, on vous propose quelques pistes !<\/p>\n\t<h3 id=\"#Urgence\">En cas d&rsquo;urgence<\/h3>\n\t<p>Parons au plus press\u00e9 : si vous redoutez de craquer un jour et de faire du mal au b\u00e9b\u00e9, sachez qu&rsquo;il y a moyen d&rsquo;appeler \u00e0 l&rsquo;aide.<\/p>\n<p>Attention, <strong>secouer un b\u00e9b\u00e9 risque de lui infliger des dommages irr\u00e9versibles<\/strong>, notamment au cerveau. C&rsquo;est donc le principal danger \u00e0 \u00e9viter pour lui en cas de d\u00e9bordement \u00e9motionnel.<\/p>\n<strong>Si vous sentez que vous \u00eates sur le point d&rsquo;avoir des gestes brusques envers l&rsquo;enfant<\/strong>, mettez-le en s\u00e9curit\u00e9 et \u00e9loignez-vous si n\u00e9cessaire le temps de vous apaiser.\u00a0Placez le b\u00e9b\u00e9 dans son lit ou dans tout lieu o\u00f9 il ne pourra pas se blesser. Prenez le temps de souffler, quitte \u00e0 fermer la porte.<br \/>\n<strong>Ne culpabilisez pas de ne pas r\u00e9pondre \u00e0 ses besoins,<\/strong> vous faites au mieux pour le prot\u00e9ger dans un moment difficile.\n<p><strong>Tant que vous \u00eates \u00e0 la maternit\u00e9,<\/strong> vous pouvez appeler les soignants qui prendront votre relais aupr\u00e8s de l&rsquo;enfant le temps que vous puissiez reprendre pied. C&rsquo;est aussi leur travail, ne craignez pas de les d\u00e9ranger.<\/p>\n<p>Une fois sortie de l&rsquo;h\u00f4pital, sachez qu&rsquo;il existe des structures d&rsquo;accueil parents-enfants, o\u00f9 vous pouvez \u00eatre avec le b\u00e9b\u00e9 et entour\u00e9 d&rsquo;autres parents, mais aussi souvent de professionnels de la petite enfance. Ces structures peuvent \u00eatre g\u00e9r\u00e9es par la PMI ou par des associations priv\u00e9es.<\/p>\n<p><strong>Si vous ne parvenez pas \u00e0 r\u00e9cup\u00e9rer de ce moment de crise<\/strong>, vous pouvez vous retourner vers la ligne d&rsquo;\u00e9coute<strong> <a href=\"https:\/\/enfance-et-partage.org\/la-prevention\/allo-parents-bebe\/\">All\u00f4 parents b\u00e9b\u00e9<\/a><\/strong> au 0800 00 34 56 (10h-13h puis 14h-19h) qui r\u00e9pond aux situations d&rsquo;urgence pour aider les parents d\u00e9sempar\u00e9s.<\/p>\n<p><strong>Et en dernier recours, vous pouvez appeler le SAMU au 15<\/strong>. Ce service est joignable 24h\/24 tous les jours.<\/p>\n<p>Parce que oui, c&rsquo;est une urgence.<\/p>\n\t<h3 id=\"urgences\">La PMI, un service de soutien<br \/>\nmultit\u00e2ches<\/h3>\n\t<p>En plus des soignants qui ont pris en charge votre grossesse et\/ou votre accouchement, et qui restent disponibles pour vous accompagner et r\u00e9pondre \u00e0 vos questions et inqui\u00e9tudes, <strong>un service peut vous \u00e9pauler, pour le quotidien comme pour les p\u00e9riodes de grande fragilit\u00e9<\/strong> : la PMI (Protection Maternelle et Infantile).<\/p>\n<p>Comme son nom l&rsquo;indique, la PMI se concentre sur la relation entre vous et l&rsquo;enfant et vise \u00e0 vous aider tous deux.<\/p>\n<p>Au sein des PMI, <strong>une \u00e9quipe pluridisciplinaire (m\u00e9decins, sages-femmes, pu\u00e9riculteurs, psychologues, assistants sociaux, etc) poura vous aider dans plusieurs domaines :<\/strong> sant\u00e9 physique et psychique, apprentissage de la parentalit\u00e9 et des soins de pu\u00e9riculture, contexte de violences, etc.<\/p>\n<p>Les professionnels qui y travaillent sont habitu\u00e9s \u00e0 \u00eatre sollicit\u00e9s autant en urgence qu&rsquo;au long cours. Leur r\u00f4le institutionnel peut parfois inqui\u00e9ter, mais ils restent une ressource non n\u00e9gligeable, et sont \u00e9quip\u00e9s et form\u00e9s \u00e0 d\u00e9broussailler beaucoup de situations.<\/p>\n\t<h3 id=\"blues\">Le baby blues<\/h3>\n\t<p>Le baby blues est un ph&eacute;nom&egrave;ne qui touche <em>a priori<\/em> plus de la moiti&eacute; des femmes qui accouchent. Il s&rsquo;agit d&rsquo;un pic de d&eacute;bordement &eacute;motionnel qui peut survenir en g&eacute;n&eacute;ral peu apr&egrave;s l&rsquo;accouchement. Il brrive n&eacute;anmoins que ce ph&eacute;nom&egrave;ne arrive plus tard. N&rsquo;h&eacute;sitez pas &agrave; prendre un avis si vous pensez &ecirc;tre concern&eacute;e.<\/p>\n<p>Le baby blues peut avoir plusieurs causes : des hormones farceuses, l&rsquo;&eacute;puisement, des modifications physiques dures &agrave; encaisser, le poids des nouvelles responsabilit&eacute;s, etc. <strong>Dans tous les cas, si ce moment difficile vous arrive, vous n&rsquo;&ecirc;tes pas fautive.<\/strong><\/p>\n<p>Cette p&eacute;riode passera mieux et plus rapidement si vous &ecirc;tes correctement soutenue.<\/p>\n<p><strong>Si vous avez un compagnon ou une compagne, c&rsquo;est probablement un bon moment pour lui demander de l&rsquo;aide. Surtout que s&rsquo;il ou elle veut devenir parent avec vous, l&rsquo;entraide et les soins partag&eacute;s au b&eacute;b&eacute;, c&rsquo;est une base assez saine !&nbsp;<\/strong><\/p>\n<p>Si d&rsquo;autres proches vous proposent un peu de soutien, soyez pragmatique : des heures de cuisine, de m&eacute;nage ou de relais dans les soins se r&eacute;clament aussi ien que des fleurs et des chocolats !<\/p>\n<p>Vous pouvez aussi discuter avec les soignants en maternit&eacute;, puis &agrave; domicile si vous gardez un suivi apr&egrave;s votre sortie. N&rsquo;oubliez pas que dans toutes les maternit&eacute;s, il y a des psychologues. Sur place, si vous vous sentez en d&eacute;tresse, vous pouvez demander &agrave; ce que des pu&eacute;riculteurs ou des sage-femmes prennent en charge le b&eacute;b&eacute; un moment pour vous laisser vous reposer.&nbsp;<\/p>\n<p>Chez vous, la PMI de secteur peut &eacute;galement venir en renfort et vous proposer par exemple l&rsquo;intervention d&rsquo;un TISF (travailleur social et familial).&nbsp; Cette personne pourra vous aider avec le b&eacute;b&eacute; et dans votre maison.<\/p>\n<p><strong>Le baby blues n&rsquo;est pas cens&eacute; durer. S&rsquo;il tend &agrave; s&rsquo;aggraver avec le temps ou qu&rsquo;il persiste, c&rsquo;est peut-&ecirc;tre ce qu&rsquo;on appelle une d&eacute;pression post partum.<\/strong> Il s&rsquo;agit alors d&rsquo;une maladie. Ce n&rsquo;est toujours pas votre faute et des solutions existent. Vous allez peut-&ecirc;tre avoir besoin de soins et d&rsquo;un traitement m&eacute;dicamenteux. Mais l&agrave; encore, plus vous serez soutenue, plus vite vous en sortirez !<\/p>\n\t<h2 id=\"complications\"><strong>Des complications possibles lors de vos d\u00e9marches<\/strong><\/h2>\n\t\t\t\t<img decoding=\"async\" src=\"https:\/\/grossesseimprevue.fr\/wp-content\/uploads\/2020\/04\/compliqu\u00e9_1586028354-300x160.jpg\" alt=\"[Image d'illustration] Un labyrinthe\" itemprop=\"image\" height=\"160\" width=\"300\" title=\"Compliqu\u00e9\" onerror=\"this.style.display='none'\" loading=\"lazy\" \/>\n\t<p>Dans l&rsquo;esprit de la plupart des gens, accoucher et devenir parent est tout simplement \u00ab\u00a0l&rsquo;issue normale\u00a0\u00bb d&rsquo;une grossesse. On vous mettra donc moins souvent des b\u00e2tons dans les roues que pour une IVG ou pour confier le b\u00e9b\u00e9 \u00e0 l&rsquo;adoption.<\/p>\n<p>Pourtant, selon votre situation, il est possible que des personnes de votre entourage ou des professionnels \u00e9mettent des r\u00e9serves ou des inqui\u00e9tudes sur votre capacit\u00e9 \u00e0 devenir parent. Il est parfois tr\u00e8s dur d&rsquo;\u00e9teindre de tels doutes. Les biais de r\u00e9flexion et les id\u00e9es re\u00e7ues ont la vie dure, m\u00eame chez des gens bienveillants. Le fait que l&rsquo;enjeu soit la vie et le bien-\u00eatre d&rsquo;un b\u00e9b\u00e9 peut exarcerber les peurs.<\/p>\n<p>Comment pouvez-vous donc faire entendre votre choix ?<\/p>\n<p><strong>Notre premier conseil, c&rsquo;est d&rsquo;\u00eatre s\u00fbre de vous. Vous \u00eates la meilleure personne pour d\u00e9finir vos possibilit\u00e9s et vos limites.<\/strong> Plus vous vous ferez confiance, plus il vous sera facile de vous armer contre des questions parfois inadapt\u00e9es et\/ou intrusives. D&rsquo;ailleurs, vous n&rsquo;\u00eates pas oblig\u00e9e de r\u00e9pondre \u00e0 ces questions.\u00a0 Vous n&rsquo;avez pas \u00e0 d\u00e9voiler tous les aspects de votre vie priv\u00e9e si cela vous d\u00e9range.<\/p>\n<p>En revanche, r\u00e9fl\u00e9chissez bien et sinc\u00e8rement\u00a0 \u00e0 vos diff\u00e9rentes difficult\u00e9s. Ca vous permettra de savoir comment adapter votre prise en charge ou votre vie avec le b\u00e9b\u00e9. Des aides existent, mais il vaut mieux anticiper les d\u00e9marches au maximum !<\/p>\n<p>Cela vous donnera \u00e9galement de quoi r\u00e9pondre si on vous pose la question, vous ne serez pas prise au d\u00e9pourvu.<\/p>\n<p>Le mieux, c&rsquo;est \u00e9videmment de r\u00e9unir des professionnels de confiance autour de soi. <strong>Mais si vous ne vous sentez pas \u00e0 l&rsquo;aise avec un soignant ou un autre professionnel, vous n&rsquo;\u00eates pas oblig\u00e9 de lui parler de votre vie personnelle<\/strong>. Ce qui est important, c&rsquo;est de trouver des moyens d&rsquo;y faire face.<\/p>\n\n","protected":false},"excerpt":{"rendered":"<p>J&rsquo;envisage de poursuivre ma grossesse et de devenir parent Quelles que soient les circonstances de votre grossesse, vous avez la possibilit\u00e9 de garder l&rsquo;enfant n\u00e9 et de devenir parent. Vous seule pouvez d\u00e9cider si c&rsquo;est la meilleure solution dans votre<\/p>\n","protected":false},"author":1,"featured_media":0,"parent":0,"menu_order":0,"comment_status":"closed","ping_status":"closed","template":"","meta":{"footnotes":""},"class_list":["post-2651","page","type-page","status-publish","hentry"],"_links":{"self":[{"href":"https:\/\/grossesseimprevue.fr\/index.php\/wp-json\/wp\/v2\/pages\/2651","targetHints":{"allow":["GET"]}}],"collection":[{"href":"https:\/\/grossesseimprevue.fr\/index.php\/wp-json\/wp\/v2\/pages"}],"about":[{"href":"https:\/\/grossesseimprevue.fr\/index.php\/wp-json\/wp\/v2\/types\/page"}],"author":[{"embeddable":true,"href":"https:\/\/grossesseimprevue.fr\/index.php\/wp-json\/wp\/v2\/users\/1"}],"replies":[{"embeddable":true,"href":"https:\/\/grossesseimprevue.fr\/index.php\/wp-json\/wp\/v2\/comments?post=2651"}],"version-history":[{"count":6,"href":"https:\/\/grossesseimprevue.fr\/index.php\/wp-json\/wp\/v2\/pages\/2651\/revisions"}],"predecessor-version":[{"id":2659,"href":"https:\/\/grossesseimprevue.fr\/index.php\/wp-json\/wp\/v2\/pages\/2651\/revisions\/2659"}],"wp:attachment":[{"href":"https:\/\/grossesseimprevue.fr\/index.php\/wp-json\/wp\/v2\/media?parent=2651"}],"curies":[{"name":"wp","href":"https:\/\/api.w.org\/{rel}","templated":true}]}}