{"id":2730,"date":"2026-01-08T20:49:03","date_gmt":"2026-01-08T19:49:03","guid":{"rendered":"https:\/\/grossesseimprevue.fr\/?page_id=2730"},"modified":"2026-01-08T20:49:03","modified_gmt":"2026-01-08T19:49:03","slug":"grossesse-imprevue","status":"publish","type":"page","link":"https:\/\/grossesseimprevue.fr\/index.php\/grossesse-imprevue\/","title":{"rendered":"Grossesse Impr\u00e9vue"},"content":{"rendered":"\n\n\t<h1><strong>Qu&rsquo;est-ce que Grossesse Impr\u00e9vue ?<\/strong><\/h1>\n\t<p>A la base de Grossesse Impr\u00e9vue, deux constats :<\/p>\n<p>&#8211; Le manque de ressources neutres et fiables abordant la grossesse impr\u00e9vue et toutes ses issues envisageables, sans priorise l&rsquo;une d&rsquo;elle en particulier<\/p>\n<p>&#8211; Le manque d&rsquo;informations concernant les circonstances particuli\u00e8res qui peuvent entourer un tel \u00e9v\u00e9nement et les probl\u00e9matiques sp\u00e9cifiques li\u00e9es concernant les d\u00e9cisions et la prise en charge des personnes enceintes concern\u00e9es.<\/p>\n\t<h5><a href=\"https:\/\/grossesseimprevue.fr\/index.php\/bonendroit\/\"><strong>Pourquoi ce site et \u00e0 qui est-il destin\u00e9 ?<\/strong><\/a><\/h5>\n\t<h5><a href=\"https:\/\/grossesseimprevue.fr\/index.php\/notre-positionnement\/\"><strong>Notre positionnement<\/strong><\/a><\/h5>\n\t<h5><a href=\"https:\/\/grossesseimprevue.fr\/index.php\/qui-est-derriere-ce-site\/\"><strong>Qui est derri\u00e8re<br \/>\n<\/strong><strong>Grossesse Impr\u00e9vue ?<\/strong><\/a><\/h5>\n\t<h5><a href=\"https:\/\/grossesseimprevue.fr\/index.php\/documents-et-ressources-crees-par-grossesse-imprevue\/\"><strong>Les ressources et documents<br \/>\ncr\u00e9\u00e9s par Grossesse Impr\u00e9vue<\/strong><\/a><\/h5>\n\n","protected":false},"excerpt":{"rendered":"<p>Qu&rsquo;est-ce que Grossesse Impr\u00e9vue ? A la base de Grossesse Impr\u00e9vue, deux constats : &#8211; Le manque de ressources neutres et fiables abordant la grossesse impr\u00e9vue et toutes ses issues envisageables, sans priorise l&rsquo;une d&rsquo;elle en particulier &#8211; Le manque<\/p>\n","protected":false},"author":1,"featured_media":0,"parent":0,"menu_order":0,"comment_status":"closed","ping_status":"closed","template":"","meta":{"footnotes":""},"class_list":["post-2730","page","type-page","status-publish","hentry"],"_links":{"self":[{"href":"https:\/\/grossesseimprevue.fr\/index.php\/wp-json\/wp\/v2\/pages\/2730","targetHints":{"allow":["GET"]}}],"collection":[{"href":"https:\/\/grossesseimprevue.fr\/index.php\/wp-json\/wp\/v2\/pages"}],"about":[{"href":"https:\/\/grossesseimprevue.fr\/index.php\/wp-json\/wp\/v2\/types\/page"}],"author":[{"embeddable":true,"href":"https:\/\/grossesseimprevue.fr\/index.php\/wp-json\/wp\/v2\/users\/1"}],"replies":[{"embeddable":true,"href":"https:\/\/grossesseimprevue.fr\/index.php\/wp-json\/wp\/v2\/comments?post=2730"}],"version-history":[{"count":4,"href":"https:\/\/grossesseimprevue.fr\/index.php\/wp-json\/wp\/v2\/pages\/2730\/revisions"}],"predecessor-version":[{"id":2756,"href":"https:\/\/grossesseimprevue.fr\/index.php\/wp-json\/wp\/v2\/pages\/2730\/revisions\/2756"}],"wp:attachment":[{"href":"https:\/\/grossesseimprevue.fr\/index.php\/wp-json\/wp\/v2\/media?parent=2730"}],"curies":[{"name":"wp","href":"https:\/\/api.w.org\/{rel}","templated":true}]}}