{"id":628,"date":"2019-07-16T20:53:04","date_gmt":"2019-07-16T18:53:04","guid":{"rendered":"https:\/\/asso.alternaweb.org\/grossesseimprevue\/?page_id=628"},"modified":"2025-02-13T17:20:27","modified_gmt":"2025-02-13T16:20:27","slug":"la-contraception","status":"publish","type":"page","link":"https:\/\/grossesseimprevue.fr\/index.php\/la-contraception\/","title":{"rendered":"La contraception"},"content":{"rendered":"\n\t<h1><strong>\u00a0Petit tour des moyens de contraception existants<\/strong><\/h1>\n\t<p>La contraception est l\u2019ensemble des moyens utilis\u00e9s pour rendre inf\u00e9conds les rapports sexuels qui pourraient donner lieu \u00e0 une grossesse. Elle peut \u00eatre pr\u00e9ventive ou d\u2019urgence (apr\u00e8s un rapport non prot\u00e9g\u00e9), masculine ou f\u00e9minine, d\u00e9finitive ou temporaire. La grande vari\u00e9t\u00e9 des moyens de contraception \u00e0 disposition permettent de s\u2019adapter \u00e0 chaque situation personnelle. Ici, nous \u00e9voquerons rapidement quelques possibilit\u00e9s avec leurs avantages et inconv\u00e9nients. <strong>Pour une revue compl\u00e8te, vous pouvez vous retourner vers des sources plus compl\u00e8tes comme <a>le site Choisir sa contraception<\/a><\/strong><strong>\u200b<\/strong> (c&rsquo;est de ce site que nous avons tir\u00e9 la tr\u00e8s grande majorit\u00e9 des informations de cette page)<\/p>\n<br \/>\n<strong>Tous les contraceptifs ne sont pas d&rsquo;une \u00e9gale fiabilit\u00e9.<\/strong> L&rsquo;indice de Pearl permet de mesurer cette fiabilit\u00e9. N&rsquo;h\u00e9sitez pas \u00e0 vous renseigner <a href=\"https:\/\/www.ameli.fr\/assure\/sante\/themes\/contraception\/efficacite-moyens-contraceptifs\">ICI<\/a> pour conna\u00eetre l&rsquo;indice de Pearl de chaque dispositif.\n\t<h5><strong>Sommaire\u00a0<\/strong><\/h5>\n\t<p><a href=\"#preventive\"><strong>&#8211; La contraception pr\u00e9ventive<\/strong><\/a><\/p>\n<p><a href=\"#urgence\"><strong>&#8211; La contraception d&rsquo;urgence<\/strong><\/a><\/p>\n\t<h2 id=\"preventive\"><strong>La contraception pr\u00e9ventive<\/strong><\/h2>\n\t\t\t\t<img loading=\"lazy\" decoding=\"async\" src=\"https:\/\/grossesseimprevue.fr\/wp-content\/uploads\/2020\/04\/Parasol_1586701635-150x150.png\" alt=\"[Image d'illustration] Un parapluie ouvert\" itemprop=\"image\" height=\"150\" width=\"150\" title=\"Parasol\" onerror=\"this.style.display='none'\"  \/>\n\t<p>Par contraception pr\u00e9ventive, nous entendons toutes les m\u00e9thodes d\u00e9velopp\u00e9es pour prot\u00e9ger ses rapports sexuels au long cours ou lorsqu&rsquo;ils surviennent.<\/p>\n\t<h2>Les contraceptifs au long cours<\/h2>\n\t<p>Les contraceptifs au long cours sont des contraceptifs pris ou plac\u00e9s pour agir sur le moyen ou long terme, le plus souvent utilis\u00e9s dans le cadre de rapports sexuels r\u00e9guliers.<\/p>\n\t<h4 id=\"pilule\">La pilule<\/h4>\n\tC&rsquo;est le plus connu des types de contraception avec le pr\u00e9servatif. Actuellement, elle est propos\u00e9e aux femmes uniquement (ou du moins aux personnes assign\u00e9es femmes \u00e0 la naissance).<br \/>\n&nbsp;<br \/>\nEn tr\u00e8s simplifi\u00e9, la pilule a pour but de d\u00e9livrer au corps des hormones bloquant l\u2019ovulation et donc, emp\u00eachant toute survenue de grossesse.<br \/>\n&nbsp;<br \/>\n<strong>Les avantages\u00a0:<\/strong><br \/>\n&#8211; La pilule est sans doute l\u2019un des dispositifs contraceptifs les plus faciles \u00e0 obtenir.<br \/>\n&#8211; Elle peut avoir un effet r\u00e9gulateur sur les r\u00e8gles et les rendre moins douloureuses parfois.<br \/>\n&nbsp;<br \/>\n<strong>Les inconv\u00e9nients\u00a0: <\/strong><br \/>\n&#8211; Une prise r\u00e9guli\u00e8re est obligatoire. un \u00e9cart de plus de trente-six heures entre deux prises et la protection peut \u00eatre affaiblie, voire effac\u00e9e. Pour certaines pilules peu prescrites de nos jours, un \u00e9cart moindre peut \u00eatre probl\u00e9matique.<br \/>\n&#8211; En cas de vomissement peu apr\u00e8s avoir pris la pilule par exemple, votre protection est \u00e9galement fragilis\u00e9e.<br \/>\n&#8211; Comme tout produit avec un principe actif, des effets secondaires sont possibles\u00a0: prise de poids, maux de t\u00eate\u2026<br \/>\n&#8211; Son efficacit\u00e9 peut \u00e9galement r\u00e9duite par certains m\u00e9dicaments, substances ou plantes (millepertuis notamment)<br \/>\n&#8211; Elle peut \u00eatre contre-indiqu\u00e9e dans certains cas, notamment si vous cumulez certains  facteurs de risques cardio-vasculaires\u00a0: tabagisme, plus de 35 ans, diab\u00e8te, ant\u00e9c\u00e9dents de thromboses ou de phl\u00e9bites\u2026 Ce n&rsquo;est pas automatique cependant, seul un m\u00e9decin ou une sage-femme pourra faire le point avec vous.\n\t<h4 id=\"sterilet\">Le st\u00e9rilet ou DIU<\/h4>\n<h4>(Dispositif intra-ut\u00e9rin)<\/h4>\n\tLe nom st\u00e9rilet peut porter \u00e0 confusion puisque ce dispositif contraceptif ne rend absolument pas sa porteuse st\u00e9rile. Il assure en revanche la contraception pour une dur\u00e9e de trois \u00e0 dix ans selon les mod\u00e8les. Pass\u00e9 le d\u00e9lai pr\u00e9vu, il faut en refaire placer un.<br \/>\nLe DIU peut \u00eatre un dispositif hormonal ou en cuivre. Quand il est hormonal, seule une hormone est diffus\u00e9e, contrairement \u00e0 la plupart des pilules. Les \u00e9ventuels effets ind\u00e9sarables sont donc diff\u00e9rents et, de mani\u00e8re g\u00e9n\u00e9rale, plus rares<br \/>\n&nbsp;<br \/>\n<strong>Les avantages\u00a0:<\/strong><br \/>\n&#8211; Le DIU permet une tranquillit\u00e9 d\u2019esprit durable apr\u00e8s sa pose.<br \/>\n&#8211; Il a un indice de pearl assez fort :\u00a00,2 pour le DIU hormonal et 0,6 pour le DIU au cuivre (source <a href=\"https:\/\/www.ameli.fr\/assure\/sante\/themes\/contraception\/efficacite-moyens-contraceptifs\">ICI<\/a>)\u00a0<br \/>\n&#8211; Le DIU hormonal peut \u00e9galement diminuer la dur\u00e9e et l\u2019abondance des r\u00e8gles.<br \/>\n&#8211; Il peut \u00e9g\u00e9lement avoir un effet sur certaines douleurs ut\u00e9rines et peut \u00eatre indiqu\u00e9 en cas d&rsquo;endom\u00e9triose<br \/>\n&nbsp;<br \/>\n<strong>Les inconv\u00e9nients\u00a0:<\/strong><br \/>\n&#8211; Il est parfois difficile de se faire poser un DIU, car certains m\u00e9decins et sages-femmes y sont r\u00e9ticents, surtout si vous \u00eates nullipare (sans enfant). Il faut savoir qu&rsquo;un refus pour ce motif n&rsquo;est pas conforme aux recommandations (source <a href=\"https:\/\/cngof.net\/Publications-CNGOF\/Fiches-info-patientes\/2017\/cngof_info_17-DIU_.pdf\">ICI<\/a>)<br \/>\n&#8211; Le DIU en cuivre peut provoquer quelques spottings (saignements l\u00e9gers) ou interrompre totalement les r\u00e8gles, ce qui peut angoisser.\n\t<h4 id=\"implant\">L\u2019implant sous-cutan\u00e9\u200b<\/h4>\n\tL\u2019implant est un petit b\u00e2tonnet tr\u00e8s fin inject\u00e9 sous la peau, qui contient une fois encore des hormones destin\u00e9es \u00e0 stopper l\u2019ovulation. Il a une efficacit\u00e9 de 3 ans et est normalement compl\u00e8tement indolore. On a d\u00e9sormais un assez bon recul sur ce dispositif.<br \/>\n&nbsp;<br \/>\n<strong>Les avantages\u00a0:<\/strong><br \/>\n&#8211; il offre une s\u00e9curit\u00e9 stable pendant trois ans. L&rsquo;avantage bonus : il peut difficilement \u00ab\u00a0se perdre\u00a0\u00bb s\u2019il est mal pos\u00e9.<br \/>\n&#8211; Il est en g\u00e9n\u00e9ral tr\u00e8s bien tol\u00e9r\u00e9<br \/>\n&nbsp;<br \/>\n<strong>Les inconv\u00e9nients\u00a0: <\/strong><br \/>\n&#8211; S\u2018agissant d\u2019un dispositif reprenant les m\u00eames hormones que certaines pilules, les inconv\u00e9nients peuvent ressembler \u00e0 ceux de celle-ci.\n\t<h3 id=\"ponctuels\">Les dispositifs ponctuels<\/h3>\n\t<p>Les dispositifs de contraception ponctuels peuvent s&rsquo;utiliser \u00e0 chaque rapport sexuel.<\/p>\n\t<h4 id=\"preservatif\">Le pr&eacute;servatif<\/h4>\n\t<p>Le pr\u00e9servatif est tr\u00e8s connu du grand public et tr\u00e8s accessible. Contrairement \u00e0 la pilule, il s\u2019agit d\u2019un dispositif que l\u2019on peut utiliser ponctuellement. <\/p>\n<strong>Les avantages : <\/strong><br \/>\n&#8211; Il est d\u00e9clin\u00e9 en masculin (se pla\u00e7ant alors sur la verge, pour emp\u00eacher les spermatozo\u00efdes de partir dans le corps f\u00e9minin) et en f\u00e9minin (il se positionne sur le vagin mais a le m\u00eame mode d\u2019action \u00ab barri\u00e8re \u00bb)<br \/>\n&#8211; Bien utilis\u00e9, il prot\u00e8ge des MST\/IST en plus d\u2019une \u00e9ventuelle grossesse.<br \/>\n&#8211; Il peut avoir un aspect ludique.<br \/>\n&#8211; Simple d\u2019utilisation, sans contrainte (\u00e0 part l\u2019enfiler correctement et \u00e0 temps, cela va de soi !)<br \/>\n&#8211; Il se trouve assez ais\u00e9ment en cas d\u2019envie sexuelle improvis\u00e9e.<br \/>\n&nbsp;\n<strong>\u200bLes inconv\u00e9nients :<\/strong><br \/>\n&#8211; Mal utilis\u00e9 ou p\u00e9rim\u00e9, il peut devenir poreux ou se percer, brisant toute protection (aussi bien contre la grossesse que contre les MST)<br \/>\n&#8211; Il peut amoindrir certaines sensations lors du rapport sexuel.\n\t<h4 id=\"spermicides\">Les spermicides<\/h4>\n\tLes gels et ovules spermicides s\u2019appliquent au moment du rapport sexuel et permettent, comme leur nom l\u2019indique, de tuer ou d\u2019inhiber les spermatozo\u00efdes. Il est tr\u00e8s fortement recommand\u00e9 d\u2019associer ce dispositif avec d\u2019autres m\u00e9thodes, afin d\u2019en renforcer l\u2019efficacit\u00e9.<br \/>\n&nbsp;<br \/>\n<strong>Les avantages\u00a0: <\/strong><br \/>\n&#8211; Les spermicides peuvent lubrifier le vagin, ce qui peut rendre plus agr\u00e9able un rapport sexuel.<br \/>\n&#8211; Ils s\u2019ach\u00e8tent facilement et sans ordonnance.<br \/>\n&nbsp;<br \/>\n<strong>Les inconv\u00e9nients\u00a0:<\/strong><br \/>\n-Les spermicides ont une efficacit\u00e9 contraceptive plus faible que les autres m\u00e9thodes. N\u00e9anmoins, apr\u00e8s 40 ans son indice de Pearl rejoint celui d&rsquo;une pilule.<br \/>\n&#8211; Ils sont relativement chers \u00e0 l\u2019achat.\n\t<h3 id=\"definitifs\">Les dispositifs dits d\u00e9finitifs<\/h3>\n\t<p>La contraception d\u00e9finitive s\u2019entend de m\u00e9thodes chirurgicales pour l\u2019homme ou pour la femme, dans le but d\u2019interrompre toute fertilit\u00e9 de mani\u00e8re ferme. Il existe une possibilit\u00e9 de reconstruction en cas de regret, mais il est rare que celle-ci r\u00e9tablisse de mani\u00e8re optimale les capacit\u00e9s reproductrices. Il est donc important de r\u00e9fl\u00e9chir \u00e0 ce que l\u2019on souhaite \u00e0 long terme.<\/p>\n\t<h4 id=\"vasectomie\">La vasectomie<\/h4>\n\t<p>La vasectomie est la st\u00e9rilisation d\u00e9finitive masculine. Elle a pour but de rendre les spermatozo\u00efdes inactifs et met trois mois \u00e0 devenir pleinement op\u00e9rationnelle. En attendant, une autre protection reste donc indispensable.<\/p>\n<p>C\u2019est une op\u00e9ration rapide et sous anesth\u00e9sie locale, effectu\u00e9e par un urologue. Pour y acc\u00e9der, il faut imp\u00e9rativement \u00eatre majeur. C\u2019est la seule contrainte au niveau l\u00e9gal.<\/p>\n<p>Dans un premier temps, une consultation avec un m\u00e9decin g\u00e9n\u00e9raliste ou un urologue vous permettra de faire le point sur les m\u00e9thodes contraceptives non permanentes existantes et leur possible adaptation \u00e0 votre situation. La vasectomie vous sera \u00e9galement expliqu\u00e9e avec toutes ses implications et cons\u00e9quences et un dossier d\u2019information complet vous sera remis.<\/p>\n<p>Apr\u00e8s cette premi\u00e8re attache, si votre projet ne change pas, il vous faudra attendre quatre mois avant de pratiquer l\u2019intervention proprement dite.<\/p>\n\t<h4 id=\"ligature\">La ligature des trompes<\/h4>\n\t<p>La ligature des trompes est un des deux moyens de st\u00e9rilisation d\u00e9finitive f\u00e9minine. Contrairement \u00e0 la vasectomie, elle est efficace imm\u00e9diatement.<\/p>\nCette intervention se d\u00e9roule sous anesth\u00e9sie g\u00e9n\u00e9rale et n\u00e9cessite 24 \u00e0 48h d\u2019hospitalisation. Aucun autre crit\u00e8re l\u00e9gal que la majorit\u00e9 n\u2019est requis pour solliciter une ligature des trompes.<br \/>\nLes d\u00e9marches pour acc\u00e9der \u00e0 la ligature des trompes sont sensiblement les m\u00eames que pour la vasectomie\u00a0: un premier rendez-vous m\u00e9dical pour vous pr\u00e9senter toutes les alternatives possibles \u00e0 la st\u00e9rilisation d\u00e9finitive et une information compl\u00e8te sur celle-ci, suivi de l\u2019intervention proprement dite quatre mois plus tard.\n\t<h4 id=\"Vasectomie\">La vasectomie<\/h4>\n\t<p>La vasectomie est la seconde alternative de st\u00e9rilisation d\u00e9finitive, qui concerne cette fois l&rsquo;appareil g\u00e9nital masculin. C\u2019est une op\u00e9ration mineure qui consiste \u00e0 couper et bloquer les canaux d\u00e9f\u00e9rents qui transportent les spermatozo\u00efdes \u00e0 partir des testicules. Son efficacit\u00e9 contraceptive ne sera totale que trois mois plus tard et est v\u00e9rifi\u00e9e \u00e0 l&rsquo;aide d&rsquo;un spermogramme.<\/p>\n<p>L&rsquo;intervention se d\u00e9roule sous anesth\u00e9sie locale en quelques minutes dans le cabinet du m\u00e9decin.<\/p>\n<p>Les d\u00e9marches pour acc\u00e9der \u00e0 la vasectomie sont sensiblement les m\u00eames que pour la ligature des trompes\u00a0: un premier rendez-vous m\u00e9dical pour vous pr\u00e9senter toutes les alternatives possibles \u00e0 la st\u00e9rilisation d\u00e9finitive et une information compl\u00e8te sur celle-ci, suivi de l\u2019intervention proprement dite quatre mois plus tard.<\/p>\n<p>M\u00eame si la vasectomie peut parfois \u00eatre r\u00e9versible via une nouvelle intervention, elle est consid\u00e9r\u00e9e comme r\u00e9versible au vu des chances de succ\u00e8s mod\u00e9r\u00e9es.<\/p>\n\t<h2 id=\"urgence\"><strong>La contraception d&rsquo;urgence<\/strong><\/h2>\n\t\t\t\t<img loading=\"lazy\" decoding=\"async\" src=\"https:\/\/grossesseimprevue.fr\/wp-content\/uploads\/2024\/06\/StopIvg2-300x200.jpg\" alt=\"[Image d'illustration] Un panneau stop\" itemprop=\"image\" height=\"200\" width=\"300\" title=\"StopIvg2\" onerror=\"this.style.display='none'\"  \/>\n\t<p>La contraception d&rsquo;urgence est, comme son nom l&rsquo;indique, une contraception prise apr\u00e8s un rapport non prot\u00e9g\u00e9 \u00e0 risque. Son efficacit\u00e9 est d\u00e9pendante du d\u00e9lai dans lequel vous la prenez : plus vous agissez t\u00f4t apr\u00e8s le rapport, plus la contraception a de chances de marcher. En revanche, il faut savoir qu&rsquo;une fois\u00a0l\u2019\u0153uf\u00a0f\u00e9cond\u00e9 fix\u00e9 dans l&rsquo;ut\u00e9rus, aucun dispositif contraceptif, m\u00eame d&rsquo;urgence, ne pourra interrompre la grossesse.<\/p>\n\t<h4 sid=\"lendemain\">La pilule du lendemain<\/h4>\n\t<p>Il existe actuellement  deux types de pilule\u00a0du lendemain.<\/p>\n<p><strong>Le Norvelo<\/strong><\/p>\nCe dispositif d&rsquo;urgence garde une efficacit\u00e9 relative jusqu&rsquo;\u00e0 72h apr\u00e8s un rapport \u00e0 risque. Mais encore une fois, plus vite vous pouvez y avoir recours, mieux c&rsquo;est. Dans un d\u00e9lai de prise de 24h, elle a 95% de chances de marcher. Vous pouvez la trouver dans un centre de planification familiale ou en pharmacie en vente libre, c&rsquo;est \u00e0 dire sans que vous ayez besoin d&rsquo;une ordonnance. Si vous \u00eates mineure, elle est gratuite.<br \/>\nElle peut entra\u00eener des naus\u00e9es, des maux de ventre et de t\u00eate en guise d&rsquo;effets secondaires, ainsi que quelques spottings (saignements mineurs)\n<p><strong>Le Ella One<\/strong><\/p>\n<p>Le Ella One, contrairement au Norlevo, ne se d\u00e9livre pas sans ordonnance. En revanche, son effet contraceptif est toujours actif jusqu&rsquo;\u00e0 5 jours apr\u00e8s le rapport non prot\u00e9g\u00e9. Il est rembours\u00e9 \u00e0 65% comme beaucoup de m\u00e9dicaments. Ses effets secondaires sont similaires \u00e0 ceux du Norlevo.<\/p>\n\t<h4 id=\"diu\">Le DIU au cuivre pos\u00e9 avant la nidation de l\u2019\u0153uf\u00a0f\u00e9cond\u00e9\u00a0\u200b<\/h4>\n\t<p>Dans les 5 jours apr\u00e8s avoir eu un rapport non prot\u00e9g\u00e9, on peut \u00e9galement demander la pose d&rsquo;un DIU au cuivre, qui inhibera les spermatozo\u00efdes. Pour tout renseignement sur le DIU au cuivre, c&rsquo;est un peu plus haut.<\/p>\n","protected":false},"excerpt":{"rendered":"<p>\u00a0Petit tour des moyens de contraception existants La contraception est l\u2019ensemble des moyens utilis\u00e9s pour rendre inf\u00e9conds les rapports sexuels qui pourraient donner lieu \u00e0 une grossesse. Elle peut \u00eatre pr\u00e9ventive ou d\u2019urgence (apr\u00e8s un rapport non prot\u00e9g\u00e9), masculine ou<\/p>\n","protected":false},"author":2,"featured_media":0,"parent":0,"menu_order":0,"comment_status":"closed","ping_status":"closed","template":"","meta":{"footnotes":""},"class_list":["post-628","page","type-page","status-publish","hentry"],"_links":{"self":[{"href":"https:\/\/grossesseimprevue.fr\/index.php\/wp-json\/wp\/v2\/pages\/628","targetHints":{"allow":["GET"]}}],"collection":[{"href":"https:\/\/grossesseimprevue.fr\/index.php\/wp-json\/wp\/v2\/pages"}],"about":[{"href":"https:\/\/grossesseimprevue.fr\/index.php\/wp-json\/wp\/v2\/types\/page"}],"author":[{"embeddable":true,"href":"https:\/\/grossesseimprevue.fr\/index.php\/wp-json\/wp\/v2\/users\/2"}],"replies":[{"embeddable":true,"href":"https:\/\/grossesseimprevue.fr\/index.php\/wp-json\/wp\/v2\/comments?post=628"}],"version-history":[{"count":16,"href":"https:\/\/grossesseimprevue.fr\/index.php\/wp-json\/wp\/v2\/pages\/628\/revisions"}],"predecessor-version":[{"id":2207,"href":"https:\/\/grossesseimprevue.fr\/index.php\/wp-json\/wp\/v2\/pages\/628\/revisions\/2207"}],"wp:attachment":[{"href":"https:\/\/grossesseimprevue.fr\/index.php\/wp-json\/wp\/v2\/media?parent=628"}],"curies":[{"name":"wp","href":"https:\/\/api.w.org\/{rel}","templated":true}]}}