{"id":732,"date":"2019-11-09T12:09:28","date_gmt":"2019-11-09T11:09:28","guid":{"rendered":"https:\/\/asso.alternaweb.org\/grossesseimprevue\/?page_id=732"},"modified":"2025-11-18T18:14:15","modified_gmt":"2025-11-18T17:14:15","slug":"qui-est-derriere-ce-site","status":"publish","type":"page","link":"https:\/\/grossesseimprevue.fr\/index.php\/qui-est-derriere-ce-site\/","title":{"rendered":"Qui est derri\u00e8re ce site ?"},"content":{"rendered":"\n\t<h1><strong>Le mot de la cr\u00e9atrice<\/strong><\/h1>\n\t\t\t\t<img decoding=\"async\" src=\"https:\/\/asso.alternaweb.org\/grossesseimprevue\/wp-content\/uploads\/sites\/796\/2019\/11\/Dessin-de-Plumy-298x300.png\" alt=\"Un portrait de la cr\u00e9atrice du site, r\u00e9alis\u00e9e par une dessinatrice talentueuse\" itemprop=\"image\" title=\"Dessin de Plumy\" onerror=\"this.style.display='none'\"  \/>\n\t\tPortrait r\u00e9alis\u00e9 par Plumy, artiste de talent :\nhttps:\/\/plumy.carrd.co\/\n\t<p>Bonjour \u00e0 toutes et tous et bienvenue sur ce site ! Je pense qu&rsquo;il est important de vous expliquer ici qui je suis et pourquoi j&rsquo;ai eu envie de cr\u00e9er ce <strong>site d&rsquo;information et de soutien sur la grossesse impr\u00e9vue ou non d\u00e9sir\u00e9e et ses issues possibles<\/strong>.<\/p>\n<p>Je m&rsquo;appelle Blandine Brin, j&rsquo;ai 35 ans et je suis la maman de deux ravissantes filles de 7\u00a0 et 2 ans. Pas si accessoirement que \u00e7a, je suis handicap\u00e9e au niveau moteur, visuel et psychique. Je ne vais pas ici vous d\u00e9tailler tous mes probl\u00e8mes de sant\u00e9, mais ceux-ci ont eu leur importance dans la gen\u00e8se de ce projet qui me tient \u00e0 c\u0153ur depuis plusieurs ann\u00e9es. Je vous raconte ?<\/p>\n<p>&nbsp;<\/p>\n<p>\u200bIl y a 15 ans (En 2005), j&rsquo;ai d\u00e9couvert que j&rsquo;\u00e9tais enceinte \u00e0 la suite d&rsquo;un viol, malgr\u00e9 une contraception orale suivie. Cette grossesse n&rsquo;\u00e9tait \u00e9videmment pas attendue. J&rsquo;ai d\u00fb faire face au choix de la mener \u00e0 terme ou de l&rsquo;interrompre. Et j&rsquo;ai pu constater \u00e0 cette occasion qu&rsquo;il \u00e9tait <strong>tr\u00e8s difficile d&rsquo;obtenir une information neutre et compl\u00e8te sur les possibilit\u00e9s que je pouvais envisager<\/strong>. J&rsquo;ai \u00e9t\u00e9 ballott\u00e9e entre des soignants me poussant vers l&rsquo;IVG (notamment \u00e0 cause de mes handicaps), des associations pro-vie et des militants pro-IVG.<\/p>\n<p>&nbsp;<\/p>\n<p>Chacun me d\u00e9livrait son opinion\u00a0 et des donn\u00e9es biais\u00e9es et partiales. Personne pour me permettre de faire\u00a0<strong>un choix \u00e9clair\u00e9 et personnel<\/strong>. J&rsquo;ai essay\u00e9 de trouver par mes propres moyens les informations n\u00e9cessaires. Je me suis heurt\u00e9e \u00e0 une effarante r\u00e9alit\u00e9 : <strong>aucune ressource facile d&rsquo;acc\u00e8s ne donnait d&rsquo;information claire et neutre sur toutes les issues possibles \u00e0 une grossesse<\/strong> : IVG ou poursuite de la grossesse en vue de faire adopter l&rsquo;enfant ou de le garder.<\/p>\n<p>&nbsp;<\/p>\n<p>Au final, priv\u00e9e de ma d\u00e9cision, j&rsquo;ai fini par avorter alors que j&rsquo;aurais souhait\u00e9 poursuivre ma grossesse et tenter d&rsquo;\u00e9lever l&rsquo;enfant avec des aides adapt\u00e9es. Cela ne m&rsquo;a tout bonnement jamais \u00e9t\u00e9 propos\u00e9 malgr\u00e9 mes demandes.<\/p>\n<p>M\u00eame les militants pro-vie ne prenaient pas en compte les sp\u00e9cificit\u00e9s de ma situation. Ils me r\u00e9p\u00e9taient en boucle la n\u00e9cessit\u00e9 absolue de faire na\u00eetre l&rsquo;enfant. Par contre, ils ne me proposaient\u00a0 aucun soutien adapt\u00e9 pour tenir la grossesse dans ma situation. Ni les solutions pour l&rsquo;\u00e9lever en s\u00e9curit\u00e9. Faire na\u00eetre un b\u00e9b\u00e9 est une chose, lui assurer une vie d\u00e9cente une autre.<\/p>\n<p>&nbsp;<\/p>\n<p>Ca aurait \u00e9t\u00e9 possible pourtant, si quelqu&rsquo;un avait r\u00e9ellement pris le temps d&rsquo;\u00e9couter mes questions et mes besoins r\u00e9els, sans calquer ses id\u00e9es re\u00e7ues sur mon parcours.<\/p>\nBref, tout cela m&rsquo;a durablement traumatis\u00e9e (et je p\u00e8se mes mots) Aujourd&rsquo;hui encore, \u00e9voquer ces \u00e9v\u00e9nements me serre le coeur.<br \/>\nMais tout cela c&rsquo;\u00e9tait il y a 15 ans, les choses ont d\u00fb \u00e9voluer depuis, me direz-vous !<br \/>\n\u200b\n<p>Eh bien&#8230; pas tant que \u00e7a ! En 2011, nouvelle grossesse impr\u00e9vue. Mes handicaps n&rsquo;avaient h\u00e9las pas disparu comme par enchantement et le questionnement sur la suite \u00e0 donner est revenu. Sauf que l&rsquo;IVG n&rsquo;\u00e9tait plus une option dans mon cas personnel : je ne pouvais tout simplement pas m&rsquo;imaginer revivre \u00e7a. Par ailleurs j&rsquo;avais la chance d&rsquo;avoir un compagnon pr\u00eat \u00e0 r\u00e9fl\u00e9chir toutes les possibilit\u00e9s.<\/p>\n<p>Oui, je consid\u00e8re que c&rsquo;est une chance ! D&rsquo;autres personnes enceintes, par choix ou par contrainte, sont seules face \u00e0 une grossesse impr\u00e9vue. Ou sont victimes de pressions au sujet de l&rsquo;avenir de leur grossesse.<\/p>\n<p>&nbsp;<\/p>\n<p>Je savais donc au moins vouloir mener \u00e0 terme ma grossesse. Je devais encore d\u00e9cider si j&rsquo;allais garder l&rsquo;enfant qui allait na\u00eetre ou le confier \u00e0 l&rsquo;adoption. Et l\u00e0 encore je me suis heurt\u00e9e \u00e0 <strong>des avis non sollicit\u00e9s des soignants, de mon entourage, voire de parfaits inconnus<\/strong> ! Et l\u00e0 encore, j&rsquo;ai lutt\u00e9 pour obtenir quelques informations neutres et fiables.<\/p>\n\u200b<br \/>\nAujourd&rsquo;hui, mon a\u00een\u00e9e a sept ans et illumine mon existence et celle de son papa. Mais pour en arriver l\u00e0, il a fallu qu&rsquo;on se batte pour former notre choix et que celui-ci soit respect\u00e9.<br \/>\n\u200b\n<p>Lors de cette grossesse, j&rsquo;ai \u00e9galement vu \u00e0 quel point des soignants pouvaient \u00eatre <strong>d\u00e9munis face \u00e0 une femme enceinte handicap\u00e9e<\/strong>, qui conna\u00eet ses pathologies et les limites et contraintes qui vont avec. C&rsquo;est d\u00e9j\u00e0 \u00e9puisant de se battre au quotidien quand on a un handicap et des douleurs chroniques. Imaginez en plus avec la fatigue d&rsquo;une grossesse !<\/p>\n<p>A cette \u00e9poque, j&rsquo;aurais aim\u00e9 pouvoir recevoir des informations et du soutien de personnes dans la m\u00eame gal\u00e8re que moi, ou au moins de gens moins prompts \u00e0 juger une r\u00e9alit\u00e9 qu&rsquo;ils ne connaissent pas&#8230;<\/p>\n\u200b<br \/>\nJ&rsquo;ai v\u00e9cu trois autres grossesses, dont deux ont malheureusement fini en fausses couches pr\u00e9coces. J&rsquo;ai \u00e0 ces occasions pu de nouveau constater la difficult\u00e9 d&rsquo;obtenir une prise en charge m\u00e9dicale et sociale adapt\u00e9e et respectueuse. Ma derni\u00e8re grossesse m&rsquo;a permis de donner naissance \u00e0 ma derni\u00e8re-n\u00e9e, qui comme sa soeur est un rayon de soleil. Mais encore une fois, j&rsquo;ai d\u00fb me battre contre des soignants, des militants&#8230; bref vous connaissez la chanson !\n<p>&nbsp;<\/p>\n<p>Je n&rsquo;ai jamais regrett\u00e9 d&rsquo;avoir men\u00e9 \u00e0 terme les deux grossesses qui ont pu l&rsquo;\u00eatre.\u00a0 A aucun moment. Parce que c&rsquo;\u00e9tait mon choix. Et que j&rsquo;ai fini par apprendre \u00e0 me d\u00e9brouiller pour trouver mes solutions pour l&rsquo;assumer.<\/p>\nMais tout au long de mon parcours, j&rsquo;ai pu mesurer \u00e0 quel point<br \/>\n\u200b<br \/>\n&#8211; <strong>Il restait difficile de faire un choix \u00e9clair\u00e9 \u00e0 la suite de la d\u00e9couverte d&rsquo;une grossesse impr\u00e9vue, toujours pour les m\u00eames causes<\/strong>\n\u200b<br \/>\n&#8211;<strong> Avoir une prise en charge correcte \u00e9tait difficile, quelle que soit sa d\u00e9cision, lorsqu&rsquo;on sort du standard des livres d&rsquo;\u00e9cole \u00ab\u00a0femme blanche cis h\u00e9t\u00e9ro valide neurotypique ais\u00e9e\u00a0\u00bb<\/strong>\n\u200b<br \/>\nUn jour j&rsquo;en ai eu marre. Et j&rsquo;ai commenc\u00e9 \u00e0 lancer le projet GrossesseImpr\u00e9vue pour \u00e9viter \u00e0 d&rsquo;autres personnes de se retrouver face aux m\u00eames difficult\u00e9s que moi, ou du moins d&rsquo;y \u00eatre confront\u00e9es seules et sans ressources fiables.\n<p><strong>Vous \u00eates ici sur le d\u00e9but de sa r\u00e9alisation, via ce site. Je vous souhaite la bienvenue !<\/strong><\/p>\n","protected":false},"excerpt":{"rendered":"<p>Le mot de la cr\u00e9atrice Portrait r\u00e9alis\u00e9 par Plumy, artiste de talent : https:\/\/plumy.carrd.co\/ Bonjour \u00e0 toutes et tous et bienvenue sur ce site ! Je pense qu&rsquo;il est important de vous expliquer ici qui je suis et pourquoi j&rsquo;ai<\/p>\n","protected":false},"author":2,"featured_media":0,"parent":0,"menu_order":0,"comment_status":"closed","ping_status":"closed","template":"","meta":{"footnotes":""},"class_list":["post-732","page","type-page","status-publish","hentry"],"_links":{"self":[{"href":"https:\/\/grossesseimprevue.fr\/index.php\/wp-json\/wp\/v2\/pages\/732","targetHints":{"allow":["GET"]}}],"collection":[{"href":"https:\/\/grossesseimprevue.fr\/index.php\/wp-json\/wp\/v2\/pages"}],"about":[{"href":"https:\/\/grossesseimprevue.fr\/index.php\/wp-json\/wp\/v2\/types\/page"}],"author":[{"embeddable":true,"href":"https:\/\/grossesseimprevue.fr\/index.php\/wp-json\/wp\/v2\/users\/2"}],"replies":[{"embeddable":true,"href":"https:\/\/grossesseimprevue.fr\/index.php\/wp-json\/wp\/v2\/comments?post=732"}],"version-history":[{"count":4,"href":"https:\/\/grossesseimprevue.fr\/index.php\/wp-json\/wp\/v2\/pages\/732\/revisions"}],"predecessor-version":[{"id":1360,"href":"https:\/\/grossesseimprevue.fr\/index.php\/wp-json\/wp\/v2\/pages\/732\/revisions\/1360"}],"wp:attachment":[{"href":"https:\/\/grossesseimprevue.fr\/index.php\/wp-json\/wp\/v2\/media?parent=732"}],"curies":[{"name":"wp","href":"https:\/\/api.w.org\/{rel}","templated":true}]}}